{"id":806,"date":"2018-08-29T19:53:03","date_gmt":"2018-08-29T22:53:03","guid":{"rendered":"https:\/\/isfd103-bue.infd.edu.ar\/sitio\/datos-institucionales\/"},"modified":"2020-02-16T15:30:48","modified_gmt":"2020-02-16T18:30:48","slug":"datos-institucionales","status":"publish","type":"page","link":"https:\/\/isfd103-bue.infd.edu.ar\/sitio\/datos-institucionales\/","title":{"rendered":"Datos institucionales"},"content":{"rendered":"<blockquote>\n<p style=\"text-align: center;\"><span style=\"font-size: 14pt;\"><strong><span style=\"font-family: verdana;\">Instituto Superior de Formaci\u00f3n Docente y T\u00e9cnica N<sup>o<\/sup> 103<\/span><\/strong><\/span><\/p>\n<ul>\n<li><span style=\"text-decoration: underline; font-size: 12pt;\"><span style=\"color: #000000; text-decoration: underline;\"><span style=\"font-family: verdana;\">Horarios de atenci\u00f3n: <\/span><\/span><\/span><\/li>\n<\/ul>\n<p><span style=\"color: #000080;\"><span style=\"font-size: 10pt; font-family: verdana;\">\u00a0\u00a0\u00a0\u00a0\u00a0\u00a0\u00a0\u00a0\u00a0 &#8211;\u00a0 Lunes a viernes de 13:30 a 22:00 Hs.<\/span>\u00a0<\/span><\/p>\n<p>&nbsp;<\/p>\n<ul>\n<li><span style=\"text-decoration: underline; font-size: 12pt;\"><span style=\"color: #000000; text-decoration: underline;\"><span style=\"font-family: verdana;\">Direcciones:<\/span><\/span><\/span><\/li>\n<\/ul>\n<p style=\"text-align: justify;\"><span style=\"color: #333399;\">\u00a0\u00a0\u00a0\u00a0\u00a0\u00a0\u00a0\u00a0\u00a0\u00a0 &#8211; Sede 103 en Turno Vespertino: Gabriel Mir\u00f3 2400 entre<\/span><\/p>\n<p style=\"text-align: justify;\"><span style=\"color: #333399;\">\u00a0\u00a0\u00a0\u00a0\u00a0\u00a0\u00a0\u00a0\u00a0\u00a0\u00a0\u00a0\u00a0 Baradero y Figueredo. Lomas de Zamora<\/span><\/p>\n<p><span style=\"font-size: 10pt; color: #333399;\"><span style=\"font-family: verdana;\">\u00a0\u00a0\u00a0\u00a0\u00a0\u00a0\u00a0\u00a0\u00a0 &#8211;\u00a0 Sede 103 en Turno Tarde: Campana 1216, esquina P\u00edo Baroja.<\/span><\/span><\/p>\n<p><span style=\"color: #333399; font-size: 10pt;\"><span style=\"font-size: 10pt; font-family: verdana;\">\u00a0\u00a0\u00a0\u00a0<\/span>\u00a0\u00a0\u00a0\u00a0\u00a0 &#8211;\u00a0 Anexo. Sede ES10 en Turno Vespertino: Los palos borrachos<\/span><span style=\"color: #333399; font-size: 10pt;\">\u00a0185 entre Robles y Lilas. Parque Bar\u00f3n. Lomas de Zamora.<\/span><\/p>\n<p><span style=\"color: #000080;\"><span style=\"font-size: 10pt; font-family: verdana;\">\u00a0<\/span><\/span><\/p>\n<ul>\n<li><span style=\"text-decoration: underline; font-size: 12pt;\"><span style=\"font-family: verdana;\">Tel\u00e9fono:<\/span><\/span><\/li>\n<\/ul>\n<p><span style=\"color: #000080;\"><span style=\"font-size: 10pt; font-family: verdana;\">\u00a0<\/span><\/span><\/p>\n<ul>\n<li><span style=\"color: #000080;\"><span style=\"font-size: 10pt; font-family: verdana;\"><span style=\"text-decoration: underline; color: #000000; font-size: 12pt;\">E-mail de consultas:<\/span>\u00a0unidadacademica103@gmail.com<\/span><\/span><\/li>\n<\/ul>\n<p>&nbsp;<\/p>\n<ul>\n<li><span style=\"text-decoration: underline; color: #000000; font-size: 12pt;\"><span style=\"font-family: verdana;\">URL:<\/span><\/span><span style=\"color: #000000; font-size: 12pt;\"><span style=\"font-family: verdana;\">\u00a0\u00a0\u00a0 <\/span><\/span><span style=\"color: #333399; font-size: 10pt;\"><span style=\"font-family: verdana;\">https:\/\/isfd103-bue.infd.edu.ar<\/span><\/span><\/li>\n<\/ul>\n<ul>\n<li><span style=\"color: #000080;\"><span style=\"color: #000080;\"><span style=\"font-size: 10pt; font-family: verdana;\"><span style=\"text-decoration: underline; font-size: 12pt;\"><span style=\"color: #000000; text-decoration: underline;\">FACEBOOK<\/span><\/span>:\u00a0\u00a0 <\/span><\/span><\/span><span style=\"text-decoration: underline; font-size: 10pt; color: #333399;\"><a style=\"color: #333399; text-decoration: underline;\" href=\"https:\/\/www.facebook.com\/isfdytn103\/\">ISFD y T N\u00ba 103 \u00abProf. Francisco J. Zimei\u00bb<\/a><\/span><\/li>\n<\/ul>\n<\/blockquote>\n","protected":false},"excerpt":{"rendered":"<p>Instituto Superior de Formaci\u00f3n Docente y T\u00e9cnica No 103 Horarios de atenci\u00f3n: \u00a0\u00a0\u00a0\u00a0\u00a0\u00a0\u00a0\u00a0\u00a0 &#8211;\u00a0 Lunes a viernes de 13:30 a 22:00 Hs.\u00a0 &nbsp; Direcciones: \u00a0\u00a0\u00a0\u00a0\u00a0\u00a0\u00a0\u00a0\u00a0\u00a0 &#8211; Sede 103 en Turno Vespertino: Gabriel Mir\u00f3 2400 entre \u00a0\u00a0\u00a0\u00a0\u00a0\u00a0\u00a0\u00a0\u00a0\u00a0\u00a0\u00a0\u00a0 Baradero y Figueredo. Lomas de Zamora \u00a0\u00a0\u00a0\u00a0\u00a0\u00a0\u00a0\u00a0\u00a0 &#8211;\u00a0 Sede 103 en Turno Tarde: Campana 1216, esquina P\u00edo Baroja. \u00a0\u00a0\u00a0\u00a0\u00a0\u00a0\u00a0\u00a0\u00a0 &#8230; <a title=\"Datos institucionales\" class=\"read-more\" href=\"https:\/\/isfd103-bue.infd.edu.ar\/sitio\/datos-institucionales\/\" aria-label=\"More on Datos institucionales\">[+]<\/a><\/p>\n","protected":false},"author":752,"featured_media":0,"parent":0,"menu_order":0,"comment_status":"closed","ping_status":"closed","template":"","meta":[],"acf":[],"_links":{"self":[{"href":"https:\/\/isfd103-bue.infd.edu.ar\/sitio\/wp-json\/wp\/v2\/pages\/806"}],"collection":[{"href":"https:\/\/isfd103-bue.infd.edu.ar\/sitio\/wp-json\/wp\/v2\/pages"}],"about":[{"href":"https:\/\/isfd103-bue.infd.edu.ar\/sitio\/wp-json\/wp\/v2\/types\/page"}],"author":[{"embeddable":true,"href":"https:\/\/isfd103-bue.infd.edu.ar\/sitio\/wp-json\/wp\/v2\/users\/752"}],"replies":[{"embeddable":true,"href":"https:\/\/isfd103-bue.infd.edu.ar\/sitio\/wp-json\/wp\/v2\/comments?post=806"}],"version-history":[{"count":5,"href":"https:\/\/isfd103-bue.infd.edu.ar\/sitio\/wp-json\/wp\/v2\/pages\/806\/revisions"}],"predecessor-version":[{"id":1178,"href":"https:\/\/isfd103-bue.infd.edu.ar\/sitio\/wp-json\/wp\/v2\/pages\/806\/revisions\/1178"}],"wp:attachment":[{"href":"https:\/\/isfd103-bue.infd.edu.ar\/sitio\/wp-json\/wp\/v2\/media?parent=806"}],"curies":[{"name":"wp","href":"https:\/\/api.w.org\/{rel}","templated":true}]}}