{"id":791,"date":"2018-08-29T19:52:57","date_gmt":"2018-08-29T22:52:57","guid":{"rendered":"https:\/\/isfd103-bue.infd.edu.ar\/sitio\/coordinadores\/"},"modified":"2020-02-16T15:38:21","modified_gmt":"2020-02-16T18:38:21","slug":"coordinadores","status":"publish","type":"page","link":"https:\/\/isfd103-bue.infd.edu.ar\/sitio\/coordinadores\/","title":{"rendered":"Coordinadores"},"content":{"rendered":"<p><strong><u>JEFES\/A DE \u00c1REA <\/u><\/strong><\/p>\n<p><strong>\u00a0<\/strong><\/p>\n<p>Evelina Naveira<strong><u> Profesorado de Educaci\u00f3n Biolog\u00eda<\/u><\/strong><\/p>\n<p><strong><u>\u00a0Profesorado de Educaci\u00f3n Historia\/Geograf\u00eda <\/u><\/strong><\/p>\n<p>Laura Silvestre \u00a0<strong><u> Profesorado de Educaci\u00f3n Primaria <\/u><\/strong><\/p>\n<p>&nbsp;<\/p>\n<p><strong><u>COORDINADORES\/AS <\/u><\/strong><\/p>\n<p>Luis P\u00e9rez Varela<strong><u> Profesorado de Educaci\u00f3n Qu\u00edmica \u00a0<\/u><\/strong><\/p>\n<p>Silvia Ag\u00fcero\/Adriana Echeverr\u00eda <strong><u>Profesorado de Educaci\u00f3n Inicial <\/u><\/strong><\/p>\n<p>Marcelo Oro\/Susana Salvarezza <strong><u>Profesorado de Educaci\u00f3n Matem\u00e1tica <\/u><\/strong><\/p>\n<p>Miguel Trulos\/Dami\u00e1n Reinoso: <strong><u>Profesorado Tecnol\u00f3gico<\/u><\/strong><\/p>\n<p>Pablo Aldorino <strong><u>Profesorado de F\u00edsica <\/u><\/strong><\/p>\n<p>Graciela Alderete <strong><u>Tramo de Formaci\u00f3n Pedag\u00f3gica para profesionales y T\u00e9cnicos<\/u><\/strong><\/p>\n","protected":false},"excerpt":{"rendered":"<p>JEFES\/A DE \u00c1REA \u00a0 Evelina Naveira Profesorado de Educaci\u00f3n Biolog\u00eda \u00a0Profesorado de Educaci\u00f3n Historia\/Geograf\u00eda Laura Silvestre \u00a0 Profesorado de Educaci\u00f3n Primaria &nbsp; COORDINADORES\/AS Luis P\u00e9rez Varela Profesorado de Educaci\u00f3n Qu\u00edmica \u00a0 Silvia Ag\u00fcero\/Adriana Echeverr\u00eda Profesorado de Educaci\u00f3n Inicial Marcelo Oro\/Susana Salvarezza Profesorado de Educaci\u00f3n Matem\u00e1tica Miguel Trulos\/Dami\u00e1n Reinoso: Profesorado Tecnol\u00f3gico Pablo Aldorino Profesorado de F\u00edsica &#8230; <a title=\"Coordinadores\" class=\"read-more\" href=\"https:\/\/isfd103-bue.infd.edu.ar\/sitio\/coordinadores\/\" aria-label=\"More on Coordinadores\">[+]<\/a><\/p>\n","protected":false},"author":752,"featured_media":0,"parent":0,"menu_order":0,"comment_status":"closed","ping_status":"closed","template":"","meta":[],"acf":[],"_links":{"self":[{"href":"https:\/\/isfd103-bue.infd.edu.ar\/sitio\/wp-json\/wp\/v2\/pages\/791"}],"collection":[{"href":"https:\/\/isfd103-bue.infd.edu.ar\/sitio\/wp-json\/wp\/v2\/pages"}],"about":[{"href":"https:\/\/isfd103-bue.infd.edu.ar\/sitio\/wp-json\/wp\/v2\/types\/page"}],"author":[{"embeddable":true,"href":"https:\/\/isfd103-bue.infd.edu.ar\/sitio\/wp-json\/wp\/v2\/users\/752"}],"replies":[{"embeddable":true,"href":"https:\/\/isfd103-bue.infd.edu.ar\/sitio\/wp-json\/wp\/v2\/comments?post=791"}],"version-history":[{"count":3,"href":"https:\/\/isfd103-bue.infd.edu.ar\/sitio\/wp-json\/wp\/v2\/pages\/791\/revisions"}],"predecessor-version":[{"id":1183,"href":"https:\/\/isfd103-bue.infd.edu.ar\/sitio\/wp-json\/wp\/v2\/pages\/791\/revisions\/1183"}],"wp:attachment":[{"href":"https:\/\/isfd103-bue.infd.edu.ar\/sitio\/wp-json\/wp\/v2\/media?parent=791"}],"curies":[{"name":"wp","href":"https:\/\/api.w.org\/{rel}","templated":true}]}}