{"id":5785,"date":"2025-11-30T21:03:32","date_gmt":"2025-12-01T00:03:32","guid":{"rendered":"https:\/\/isfd103-bue.infd.edu.ar\/sitio\/?page_id=5785"},"modified":"2026-02-17T15:11:51","modified_gmt":"2026-02-17T18:11:51","slug":"preinscripcion-al-ciclo-lectivo-2026","status":"publish","type":"page","link":"https:\/\/isfd103-bue.infd.edu.ar\/sitio\/preinscripcion-al-ciclo-lectivo-2026\/","title":{"rendered":"Preinscripci\u00f3n al ciclo lectivo 2026"},"content":{"rendered":"\n<p>Buenos d\u00edas, usted est\u00e1 realizando la pre inscripci\u00f3n a primer a\u00f1o de nuestras carreras. Para ello deber\u00e1 seleccionar la carrera y el turno de cursada, completar sus datos personales y luego clickear en \u00abEnviar\u00bb<\/p>\n\n\n\n<p>M\u00e1s adelante los preceptores le enviar\u00e1n un mail cit\u00e1ndolos al instituto para acercar toda la documentaci\u00f3n con la que se completar\u00e1 la inscripci\u00f3n<\/p>\n\n\n\n<p>El mail que dejen para contacto debe ser uno activo y de f\u00e1cil acceso para ustedes. Cada tanto deber\u00e1n revisar el spam del mail para ver si no hay un mail nuestro<\/p>\n\n\n\n<p>Aqu\u00ed les compartimos los links de inscripci\u00f3n, ordenados alfab\u00e9ticamente y separados por turnos<\/p>\n\n\n\n<p>Mucha suerte para todos y bienvenidos<\/p>\n\n\n\n<p><a href=\"https:\/\/forms.gle\/XgqXibLqwXkhXFGy5\">BIOLOG\u00cdA<\/a><\/p>\n\n\n\n<p><a href=\"https:\/\/forms.gle\/tAHhTTXnEcZswawD7\">F\u00cdSICA <\/a><\/p>\n\n\n\n<p><a href=\"https:\/\/forms.gle\/vDSQgeDGT6JpdE1cA\">GEOGRAF\u00cdA<\/a><\/p>\n\n\n\n<p><a href=\"https:\/\/forms.gle\/6TgK3hHWyfpDNVho8\">HISTORIA TT<\/a><\/p>\n\n\n\n<p><a href=\"https:\/\/forms.gle\/eHErXAxE9aFNqs1C8\">HISTORIA TV: Lista de espera<\/a><\/p>\n\n\n\n<p><a href=\"https:\/\/forms.gle\/Ewm6txxt3VUPysNs7\">INICIAL TM: Lista de espera<\/a><\/p>\n\n\n\n<p><a href=\"https:\/\/forms.gle\/a9nRhpVPbGs98UPm6\">INICIAL TT: Lista de espera<\/a><\/p>\n\n\n\n<p><a href=\"https:\/\/forms.gle\/WX3EP4mctiGiJhBh9\">INICIAL TV: Lista de espera<\/a><\/p>\n\n\n\n<p><a href=\"https:\/\/forms.gle\/ZSTx73xyo4hLCtiD9\">LENGUA Y LITERATURA: Lista de espera<\/a><\/p>\n\n\n\n<p><a href=\"https:\/\/forms.gle\/DVC1KqbrkjjGcexy8\">MATEM\u00c1TICA TT<\/a><\/p>\n\n\n\n<p><a href=\"https:\/\/forms.gle\/FAvdZr32gD2WE99B9\">MATEM\u00c1TICA TV EEST 8<\/a><\/p>\n\n\n\n<p><a href=\"https:\/\/forms.gle\/6MGaeig8M2tzwiJL6\">MATEM\u00c1TICA TV 103<\/a><\/p>\n\n\n\n<p><a href=\"https:\/\/forms.gle\/UAwMHa9Buv5yFEko9\">PRIMARIA TM: Lista de espera<\/a><\/p>\n\n\n\n<p><a href=\"https:\/\/forms.gle\/gus7uiMj2UhtZqCs9\">PRIMARIA TT: Lista de espera<\/a><\/p>\n\n\n\n<p><a href=\"https:\/\/forms.gle\/2ta8QXuLNJybBg3b7\">PRIMARIA TV: Lista de espera<\/a><\/p>\n\n\n\n<p><a href=\"https:\/\/forms.gle\/LBt3tRWCWoKr26iw5\">QU\u00cdMICA<\/a><\/p>\n\n\n\n<p><a href=\"https:\/\/forms.gle\/VUGmHXAD8jF3AYtMA\">TECNOL\u00d3GICO<\/a><\/p>\n","protected":false},"excerpt":{"rendered":"<p>Buenos d\u00edas, usted est\u00e1 realizando la pre inscripci\u00f3n a primer a\u00f1o de nuestras carreras. Para ello deber\u00e1 seleccionar la carrera y el turno de cursada, completar sus datos personales y luego clickear en \u00abEnviar\u00bb M\u00e1s adelante los preceptores le enviar\u00e1n un mail cit\u00e1ndolos al instituto para acercar toda la documentaci\u00f3n con la que se completar\u00e1 &#8230; <a title=\"Preinscripci\u00f3n al ciclo lectivo 2026\" class=\"read-more\" href=\"https:\/\/isfd103-bue.infd.edu.ar\/sitio\/preinscripcion-al-ciclo-lectivo-2026\/\" aria-label=\"More on Preinscripci\u00f3n al ciclo lectivo 2026\">[+]<\/a><\/p>\n","protected":false},"author":13,"featured_media":0,"parent":0,"menu_order":0,"comment_status":"closed","ping_status":"closed","template":"","meta":[],"acf":[],"_links":{"self":[{"href":"https:\/\/isfd103-bue.infd.edu.ar\/sitio\/wp-json\/wp\/v2\/pages\/5785"}],"collection":[{"href":"https:\/\/isfd103-bue.infd.edu.ar\/sitio\/wp-json\/wp\/v2\/pages"}],"about":[{"href":"https:\/\/isfd103-bue.infd.edu.ar\/sitio\/wp-json\/wp\/v2\/types\/page"}],"author":[{"embeddable":true,"href":"https:\/\/isfd103-bue.infd.edu.ar\/sitio\/wp-json\/wp\/v2\/users\/13"}],"replies":[{"embeddable":true,"href":"https:\/\/isfd103-bue.infd.edu.ar\/sitio\/wp-json\/wp\/v2\/comments?post=5785"}],"version-history":[{"count":12,"href":"https:\/\/isfd103-bue.infd.edu.ar\/sitio\/wp-json\/wp\/v2\/pages\/5785\/revisions"}],"predecessor-version":[{"id":5824,"href":"https:\/\/isfd103-bue.infd.edu.ar\/sitio\/wp-json\/wp\/v2\/pages\/5785\/revisions\/5824"}],"wp:attachment":[{"href":"https:\/\/isfd103-bue.infd.edu.ar\/sitio\/wp-json\/wp\/v2\/media?parent=5785"}],"curies":[{"name":"wp","href":"https:\/\/api.w.org\/{rel}","templated":true}]}}