{"id":5780,"date":"2025-11-27T06:40:02","date_gmt":"2025-11-27T09:40:02","guid":{"rendered":"https:\/\/isfd103-bue.infd.edu.ar\/sitio\/?page_id=5780"},"modified":"2026-02-20T18:54:39","modified_gmt":"2026-02-20T21:54:39","slug":"cronogramas-de-finales-diciembre-2025","status":"publish","type":"page","link":"https:\/\/isfd103-bue.infd.edu.ar\/sitio\/cronogramas-de-finales-diciembre-2025\/","title":{"rendered":"CRONOGRAMAS de FINALES FEBRERO 2026"},"content":{"rendered":"\n<p><a href=\"https:\/\/drive.google.com\/file\/d\/1qtNlWW7rll4FxMiyELCJ2SMM1jHJ-Xgy\/view?usp=drive_link\">BIOLOG\u00cdA<\/a><\/p>\n\n\n\n<p><a href=\"https:\/\/drive.google.com\/file\/d\/11oaq7Xc_OUyvdIt0GhygIzDEyGK3iwfD\/view?usp=drive_link\">F\u00cdSICA<\/a><\/p>\n\n\n\n<p><a href=\"https:\/\/drive.google.com\/file\/d\/1JzAEfZGMJ34oC_E_c0dHUVY6JMpH8bZD\/view?usp=drive_link\">GEOGRAF\u00cdA<\/a><\/p>\n\n\n\n<p><a href=\"https:\/\/drive.google.com\/file\/d\/1pgw9wDiXVWWwYf0iff70P3coJhX_MS7z\/view?usp=drive_link\">HISTORIA TT<\/a><\/p>\n\n\n\n<p><a href=\"https:\/\/drive.google.com\/file\/d\/1KiV7tgNy3ejthTU_FPxeMOAQraK0WpzG\/view?usp=drive_link\">HISTORIA TV<\/a><\/p>\n\n\n\n<p><a href=\"https:\/\/drive.google.com\/file\/d\/1kp0dvOJlVdV9i5jSjixTqBWvSNOYizoK\/view?usp=drive_link\">INICIAL TM<\/a><\/p>\n\n\n\n<p><a href=\"https:\/\/drive.google.com\/file\/d\/1b_Qc3V36a9zp8YTIxxiG2vdZoDl9Nnpj\/view?usp=drive_link\">INICIAL TT<\/a><\/p>\n\n\n\n<p><a href=\"https:\/\/drive.google.com\/file\/d\/1I__rsfDViorU14MsVUtZP_w3DUYzyw_-\/view?usp=drive_link\">INICIAL TV<\/a><\/p>\n\n\n\n<p><a href=\"https:\/\/drive.google.com\/file\/d\/1pjVkLW8hos00-pQb_7lP1KBNDPILUp2T\/view?usp=drive_link\">LENGUA Y LITERATURA<\/a><\/p>\n\n\n\n<p><a href=\"https:\/\/drive.google.com\/file\/d\/1X7qxFdKbpVCcULsSpKjD3gEwpwbhMAdw\/view?usp=drive_link\">MATEM\u00c1TICA T\u00c9CNICA 8<\/a><\/p>\n\n\n\n<p><a href=\"https:\/\/drive.google.com\/file\/d\/1V0qy672smHrnidb5RK_HczeAp232_FxJ\/view?usp=drive_link\">MATEM\u00c1TICA TT<\/a><\/p>\n\n\n\n<p><a href=\"https:\/\/drive.google.com\/file\/d\/16HM2bv4ZrzByG4g-UUEQ_RWOEMu5NDCO\/view?usp=drive_link\">MATEM\u00c1TICA TV 103<\/a><\/p>\n\n\n\n<p><a href=\"https:\/\/drive.google.com\/file\/d\/18-5QDKvZ9_Gv8BAanZwXitrN8NIYVcQC\/view?usp=drive_link\">PRIMARIA TM<\/a><\/p>\n\n\n\n<p><a href=\"https:\/\/drive.google.com\/file\/d\/1RVqhKmLjd44lrtDf-TNI8PMVtp6BGdyr\/view?usp=drive_link\">PRIMARIA TT<\/a><\/p>\n\n\n\n<p><a href=\"https:\/\/drive.google.com\/file\/d\/1wv-Urt8YeC_ETDJjDASFWWyPFAGMQ6N-\/view?usp=drive_link\">PRIMARIA TV<\/a><\/p>\n\n\n\n<p><a href=\"https:\/\/drive.google.com\/file\/d\/146Zmm5ch9cNL_gpgtCFzBeaQ3M0DAbLH\/view?usp=drive_link\">QU\u00cdMICA<\/a><\/p>\n\n\n\n<p><a href=\"https:\/\/drive.google.com\/file\/d\/1CYZb_bu14NiYXk-ILjeO8iXC9ZUCWeRy\/view?usp=drive_link\">TECNOL\u00d3GICO<\/a><\/p>\n\n\n\n<p><\/p>\n\n\n\n<p><\/p>\n","protected":false},"excerpt":{"rendered":"<p>BIOLOG\u00cdA F\u00cdSICA GEOGRAF\u00cdA HISTORIA TT HISTORIA TV INICIAL TM INICIAL TT INICIAL TV LENGUA Y LITERATURA MATEM\u00c1TICA T\u00c9CNICA 8 MATEM\u00c1TICA TT MATEM\u00c1TICA TV 103 PRIMARIA TM PRIMARIA TT PRIMARIA TV QU\u00cdMICA TECNOL\u00d3GICO<\/p>\n","protected":false},"author":13,"featured_media":0,"parent":0,"menu_order":0,"comment_status":"closed","ping_status":"closed","template":"","meta":[],"acf":[],"_links":{"self":[{"href":"https:\/\/isfd103-bue.infd.edu.ar\/sitio\/wp-json\/wp\/v2\/pages\/5780"}],"collection":[{"href":"https:\/\/isfd103-bue.infd.edu.ar\/sitio\/wp-json\/wp\/v2\/pages"}],"about":[{"href":"https:\/\/isfd103-bue.infd.edu.ar\/sitio\/wp-json\/wp\/v2\/types\/page"}],"author":[{"embeddable":true,"href":"https:\/\/isfd103-bue.infd.edu.ar\/sitio\/wp-json\/wp\/v2\/users\/13"}],"replies":[{"embeddable":true,"href":"https:\/\/isfd103-bue.infd.edu.ar\/sitio\/wp-json\/wp\/v2\/comments?post=5780"}],"version-history":[{"count":11,"href":"https:\/\/isfd103-bue.infd.edu.ar\/sitio\/wp-json\/wp\/v2\/pages\/5780\/revisions"}],"predecessor-version":[{"id":5815,"href":"https:\/\/isfd103-bue.infd.edu.ar\/sitio\/wp-json\/wp\/v2\/pages\/5780\/revisions\/5815"}],"wp:attachment":[{"href":"https:\/\/isfd103-bue.infd.edu.ar\/sitio\/wp-json\/wp\/v2\/media?parent=5780"}],"curies":[{"name":"wp","href":"https:\/\/api.w.org\/{rel}","templated":true}]}}