{"id":5216,"date":"2024-07-25T14:38:47","date_gmt":"2024-07-25T17:38:47","guid":{"rendered":"https:\/\/isfd103-bue.infd.edu.ar\/sitio\/?page_id=5216"},"modified":"2025-03-12T14:22:11","modified_gmt":"2025-03-12T17:22:11","slug":"inscripcion-a-materias-2025","status":"publish","type":"page","link":"https:\/\/isfd103-bue.infd.edu.ar\/sitio\/inscripcion-a-materias-2025\/","title":{"rendered":"INSCRIPCI\u00d3N A MATERIAS DE 2\u00b0A 4\u00b0"},"content":{"rendered":"\n<p>En esta secci\u00f3n, encontrar\u00e1n los enlaces correspondientes a cada carrera, desde donde podr\u00e1n inscribirse a las materias que cursar\u00e1n durante el presente a\u00f1o 2025. <\/p>\n\n\n\n<p>Les recomendamos leer con atenci\u00f3n cada uno de los formularios antes de completar su inscripci\u00f3n, prestando especial atenci\u00f3n a las <strong>correlatividades<\/strong> de las asignaturas, ya que son fundamentales para el correcto seguimiento de su plan de estudios. <\/p>\n\n\n\n<p>No olviden verificar que cumplen con los requisitos establecidos para cada materia y asegurarse de que su inscripci\u00f3n sea completa y correcta.<\/p>\n\n\n\n<p>Recuerden CONTROLAR sus correos electr\u00f3nicos con la respuesta del formulario.<\/p>\n\n\n\n<p>Fecha l\u00edmite para inscribirse: <strong>viernes 14 de marzo hasta las 23:59<\/strong>.<\/p>\n\n\n\n<p><strong>POR FAVOR, NO COMPROMETAN A PRECEPTORES CON INSCRIPCIONES FUERA DE T\u00c9RMINO<\/strong>.<\/p>\n\n\n\n<p>BIOLOG\u00cdA (PLAN NUEVO): <a href=\"https:\/\/forms.gle\/BC1ZSqLifzWGv7VLA\" data-type=\"URL\" data-id=\"https:\/\/forms.gle\/BC1ZSqLifzWGv7VLA\">https:\/\/forms.gle\/BC1ZSqLifzWGv7VLA<\/a><\/p>\n\n\n\n<p>BIOLOG\u00cdA (PLAN VIEJO):<a href=\" https:\/\/forms.gle\/tbok1VEhHCcpP1518\"> https:\/\/forms.gle\/tbok1VEhHCcpP1518<\/a><\/p>\n\n\n\n<p>F\u00cdSICA (PLAN NUEVO):<a href=\" https:\/\/forms.gle\/ZAQ8vXbWyxrnBwQP9\"> <\/a><a href=\"https:\/\/forms.gle\/4651cEYsU1ZTDbiM9\">https:\/\/forms.gle\/ZAQ8vXbWyxrnBwQP9<\/a><\/p>\n\n\n\n<p>F\u00cdSICA (PLAN VIEJO): <a href=\"https:\/\/forms.gle\/ZAQ8vXbWyxrnBwQP9\" data-type=\"URL\" data-id=\"https:\/\/forms.gle\/ZAQ8vXbWyxrnBwQP9\">https:\/\/forms.gle\/ZAQ8vXbWyxrnBwQP9<\/a><\/p>\n\n\n\n<p>QU\u00cdMICA (PLAN NUEVO): <a href=\"https:\/\/forms.gle\/diwGBoAZeAJKpbn86\" data-type=\"URL\" data-id=\"https:\/\/forms.gle\/diwGBoAZeAJKpbn86\">https:\/\/forms.gle\/diwGBoAZeAJKpbn86<\/a><\/p>\n\n\n\n<p>QU\u00cdMICA (PLAN VIEJO): <a href=\"https:\/\/forms.gle\/KYkhTQbpZrRoUkHA7\" data-type=\"URL\" data-id=\"https:\/\/forms.gle\/KYkhTQbpZrRoUkHA7\">https:\/\/forms.gle\/KYkhTQbpZrRoUkHA7<\/a><\/p>\n\n\n\n<p>GEOGRAF\u00cdA (PLAN NUEVO):  <a href=\"https:\/\/forms.gle\/h9c97rXvwpYE6pk36\" data-type=\"URL\" data-id=\"https:\/\/forms.gle\/h9c97rXvwpYE6pk36\">https:\/\/forms.gle\/h9c97rXvwpYE6pk36<\/a><\/p>\n\n\n\n<p>GEOGRAF\u00cdA (PLAN VIEJO) <a href=\"https:\/\/forms.gle\/sNj2kN5LxpSF3qvD8\" data-type=\"URL\" data-id=\"https:\/\/forms.gle\/sNj2kN5LxpSF3qvD8\">https:\/\/forms.gle\/sNj2kN5LxpSF3qvD8<\/a><\/p>\n\n\n\n<p>HISTORIA (PLAN NUEVO):<a href=\" https:\/\/forms.gle\/XHswMWWofENvertcA\"> https:\/\/forms.gle\/XHswMWWofENvertcA<\/a><\/p>\n\n\n\n<p>HISTORIA (PLAN VIEJO): <a href=\"https:\/\/forms.gle\/D8wip44YKb3ERtAU9\" data-type=\"URL\" data-id=\"https:\/\/forms.gle\/D8wip44YKb3ERtAU9\">https:\/\/forms.gle\/D8wip44YKb3ERtAU9<\/a><\/p>\n\n\n\n<p>INICIAL (TODOS LOS TURNOS): <a href=\"https:\/\/forms.gle\/KhemriZF8cx9LEYaA\">https:\/\/forms.gle\/KhemriZF8cx9LEYaA<\/a><\/p>\n\n\n\n<p>PRIMARIA (TODOS LOS TURNOS): <a href=\"https:\/\/forms.gle\/563Yr6nB8PLKxySA7\" data-type=\"URL\" data-id=\"https:\/\/forms.gle\/563Yr6nB8PLKxySA7\">https:\/\/forms.gle\/563Yr6nB8PLKxySA7<\/a><\/p>\n\n\n\n<p>LENGUA Y LITERATURA: <a href=\"https:\/\/forms.gle\/guSC6yK44xdtnF2Q6\" data-type=\"URL\" data-id=\"https:\/\/forms.gle\/guSC6yK44xdtnF2Q6\">https:\/\/forms.gle\/guSC6yK44xdtnF2Q6<\/a><\/p>\n\n\n\n<p>T\u00c9CNICO PROFESIONAL (PLAN NUEVO): <a href=\"https:\/\/forms.gle\/Mijxmd6vzYDvmKsC8\">https:\/\/forms.gle\/Mijxmd6vzYDvmKsC8<\/a><\/p>\n\n\n\n<p>T\u00c9CNICO PROFESIONAL (PLAN VIEJO): <a href=\"https:\/\/forms.gle\/2UyuXSWUtrgg1aUG7\" data-type=\"URL\" data-id=\"https:\/\/forms.gle\/2UyuXSWUtrgg1aUG7\">https:\/\/forms.gle\/2UyuXSWUtrgg1aUG7<\/a><\/p>\n\n\n\n<p>MATEM\u00c1TICA (TODAS LAS SEDES): <a href=\"https:\/\/forms.gle\/5qGNppJUvhTYZXpx6\">https:\/\/forms.gle\/5qGNppJUvhTYZXpx6<\/a><\/p>\n","protected":false},"excerpt":{"rendered":"<p>En esta secci\u00f3n, encontrar\u00e1n los enlaces correspondientes a cada carrera, desde donde podr\u00e1n inscribirse a las materias que cursar\u00e1n durante el presente a\u00f1o 2025. Les recomendamos leer con atenci\u00f3n cada uno de los formularios antes de completar su inscripci\u00f3n, prestando especial atenci\u00f3n a las correlatividades de las asignaturas, ya que son fundamentales para el correcto &#8230; <a title=\"INSCRIPCI\u00d3N A MATERIAS DE 2\u00b0A 4\u00b0\" class=\"read-more\" href=\"https:\/\/isfd103-bue.infd.edu.ar\/sitio\/inscripcion-a-materias-2025\/\" aria-label=\"More on INSCRIPCI\u00d3N A MATERIAS DE 2\u00b0A 4\u00b0\">[+]<\/a><\/p>\n","protected":false},"author":13,"featured_media":0,"parent":0,"menu_order":0,"comment_status":"closed","ping_status":"closed","template":"","meta":[],"acf":[],"_links":{"self":[{"href":"https:\/\/isfd103-bue.infd.edu.ar\/sitio\/wp-json\/wp\/v2\/pages\/5216"}],"collection":[{"href":"https:\/\/isfd103-bue.infd.edu.ar\/sitio\/wp-json\/wp\/v2\/pages"}],"about":[{"href":"https:\/\/isfd103-bue.infd.edu.ar\/sitio\/wp-json\/wp\/v2\/types\/page"}],"author":[{"embeddable":true,"href":"https:\/\/isfd103-bue.infd.edu.ar\/sitio\/wp-json\/wp\/v2\/users\/13"}],"replies":[{"embeddable":true,"href":"https:\/\/isfd103-bue.infd.edu.ar\/sitio\/wp-json\/wp\/v2\/comments?post=5216"}],"version-history":[{"count":48,"href":"https:\/\/isfd103-bue.infd.edu.ar\/sitio\/wp-json\/wp\/v2\/pages\/5216\/revisions"}],"predecessor-version":[{"id":5584,"href":"https:\/\/isfd103-bue.infd.edu.ar\/sitio\/wp-json\/wp\/v2\/pages\/5216\/revisions\/5584"}],"wp:attachment":[{"href":"https:\/\/isfd103-bue.infd.edu.ar\/sitio\/wp-json\/wp\/v2\/media?parent=5216"}],"curies":[{"name":"wp","href":"https:\/\/api.w.org\/{rel}","templated":true}]}}