{"id":4303,"date":"2022-09-24T19:10:51","date_gmt":"2022-09-24T22:10:51","guid":{"rendered":"https:\/\/isfd103-bue.infd.edu.ar\/sitio\/?page_id=4303"},"modified":"2022-09-24T19:43:29","modified_gmt":"2022-09-24T22:43:29","slug":"salidas-educativas","status":"publish","type":"page","link":"https:\/\/isfd103-bue.infd.edu.ar\/sitio\/salidas-educativas\/","title":{"rendered":"Salidas educativas"},"content":{"rendered":"\n<p class=\"has-text-align-center\"><strong>SALIDA EDUCATIVA \/ SALIDA DE REPRESENTACI\u00d3N INSTITUCIONAL<\/strong><\/p>\n\n\n\n<p class=\"has-text-align-center\"><strong>&nbsp;I.S.F.D. N\u00b0 103<\/strong><\/p>\n\n\n\n<p>Los Docentes que al momento de realizar una Salida Educativa o Representaci\u00f3n Institucional, deben tener en cuenta:<\/p>\n\n\n\n<ol><li>Notificar al Equipo Directivo&nbsp;el inter\u00e9s y justificaci\u00f3n para realizar la&nbsp; actividad.<\/li><\/ol>\n\n\n\n<p>2. Una vez obtenida la autorizaci\u00f3n, leer la nueva&nbsp;  <strong>Resoluci\u00f3n N\u00b0 378\/2017<\/strong> <\/p>\n\n\n\n<div class=\"wp-block-file\"><a href=\"https:\/\/isfd103-bue.infd.edu.ar\/sitio\/wp-content\/uploads\/2022\/09\/Anexo-1.pdf\">Anexo-1<\/a><a href=\"https:\/\/isfd103-bue.infd.edu.ar\/sitio\/wp-content\/uploads\/2022\/09\/Anexo-1.pdf\" class=\"wp-block-file__button\" download>Descarga<\/a><\/div>\n\n\n\n<p>3. La organizaci\u00f3n&nbsp;&nbsp;de la salida es responsabilidad del o los docentes a cargo por lo tanto,&nbsp;son los encargados de todo lo relativo a su presentaci\u00f3n.<\/p>\n\n\n\n<p>4. La documentaci\u00f3n ser\u00e1 recibida en tiempo y forma (esto es: Completa y en la fecha estipulada seg\u00fan lo pautado en el&nbsp;<strong>\u201cCuadro de fecha de entrega\u201d (Res. N\u00b0 378\/17)<\/strong>&nbsp;a los Jefes de \u00c1reas, Regente y\/o Directora.<\/p>\n\n\n\n<div class=\"wp-block-file\"><a href=\"https:\/\/isfd103-bue.infd.edu.ar\/sitio\/wp-content\/uploads\/2022\/09\/CUADRO_Fecha_de_entrega.pdf\">CUADRO_Fecha_de_entrega<\/a><a href=\"https:\/\/isfd103-bue.infd.edu.ar\/sitio\/wp-content\/uploads\/2022\/09\/CUADRO_Fecha_de_entrega.pdf\" class=\"wp-block-file__button\" download><\/a><\/div>\n\n\n\n<p>5. Recordar cumplir con las fechas de presentaci\u00f3n de la documentaci\u00f3n requerida:<\/p>\n\n\n\n<p><strong><a href=\"https:\/\/isfd36-bue.infd.edu.ar\/sitio\/salida-educativa-salida-de-representacion-institucional\/upload\/ANEXO_4_.doc\">Anexo 4<\/a><\/strong>, Informe de la salida (Se deber\u00e1 incorporar al libro de Registro de Actas Institucionales, antes de producirse la salida)<\/p>\n\n\n\n<div class=\"wp-block-file\"><a href=\"https:\/\/isfd103-bue.infd.edu.ar\/sitio\/wp-content\/uploads\/2022\/09\/ANEXO_4.doc\">ANEXO_4<\/a><a href=\"https:\/\/isfd103-bue.infd.edu.ar\/sitio\/wp-content\/uploads\/2022\/09\/ANEXO_4.doc\" class=\"wp-block-file__button\" download>Descarga<\/a><\/div>\n\n\n\n<p><a rel=\"noreferrer noopener\" href=\"https:\/\/isfd36-bue.infd.edu.ar\/sitio\/salida-educativa-salida-de-representacion-institucional\/upload\/ANEXO__5_.doc\" target=\"_blank\"><strong>Anexo 5<\/strong><\/a>, Planilla de Alumnos y Docentes&nbsp;(Se deber\u00e1 incorporar al libro de Registro de Actas Institucionales, antes de producirse la salida)<\/p>\n\n\n\n<div class=\"wp-block-file\"><a href=\"https:\/\/isfd103-bue.infd.edu.ar\/sitio\/wp-content\/uploads\/2022\/09\/ANEXO__5.doc\">ANEXO__5<\/a><a href=\"https:\/\/isfd103-bue.infd.edu.ar\/sitio\/wp-content\/uploads\/2022\/09\/ANEXO__5.doc\" class=\"wp-block-file__button\" download>Descarga<\/a><\/div>\n\n\n\n<p><a rel=\"noreferrer noopener\" href=\"https:\/\/isfd36-bue.infd.edu.ar\/sitio\/salida-educativa-salida-de-representacion-institucional\/upload\/Anexo-7__.doc\" target=\"_blank\"><strong>Anexo 7<\/strong><\/a>, Planilla de Salud<\/p>\n\n\n\n<div class=\"wp-block-file\"><a href=\"https:\/\/isfd103-bue.infd.edu.ar\/sitio\/wp-content\/uploads\/2022\/09\/Anexo-7.doc\">Anexo-7<\/a><a href=\"https:\/\/isfd103-bue.infd.edu.ar\/sitio\/wp-content\/uploads\/2022\/09\/Anexo-7.doc\" class=\"wp-block-file__button\" download>Descarga<\/a><\/div>\n\n\n\n<p><a rel=\"noreferrer noopener\" href=\"https:\/\/isfd36-bue.infd.edu.ar\/sitio\/salida-educativa-salida-de-representacion-institucional\/upload\/ANEXO_9_.doc\" target=\"_blank\"><strong>Anexo 9<\/strong><\/a>, Planilla de transporte a contratar<\/p>\n\n\n\n<div class=\"wp-block-file\"><a href=\"https:\/\/isfd103-bue.infd.edu.ar\/sitio\/wp-content\/uploads\/2022\/09\/ANEXO_9_-1.doc\">ANEXO_9_-1<\/a><a href=\"https:\/\/isfd103-bue.infd.edu.ar\/sitio\/wp-content\/uploads\/2022\/09\/ANEXO_9_-1.doc\" class=\"wp-block-file__button\" download>Descarga<\/a><\/div>\n\n\n\n<p><strong>De no respetarse estos requisitos no ser\u00e1 aceptada la actividad.<\/strong><\/p>\n\n\n\n<p>.-&nbsp;<strong>Todo foliado y dentro de una carpeta de tres solapas<\/strong>.<\/p>\n\n\n\n<p><strong>Recomendaciones<\/strong><\/p>\n\n\n\n<p>Evitar situaciones discriminatorias o que favorezcan la exclusi\u00f3n<\/p>\n\n\n\n<ul><li>Impulsar la participaci\u00f3n en la elaboraci\u00f3n y aplicaci\u00f3n de las normas de convivencia<\/li><li>Cada Salida Educativa debe ser llevada a cabo como recurso did\u00e1ctico, como una actividad pedag\u00f3gica y un medio de formaci\u00f3n y de socializaci\u00f3n para los\/as alumnos\/as supone, el desarrollo de las capacidades de observaci\u00f3n, descripci\u00f3n, explicaci\u00f3n, interpretaci\u00f3n y cr\u00edtica. Son, por tanto, recursos educativos v\u00e1lidos y eficaces, adem\u00e1s de un veh\u00edculo de socializaci\u00f3n.<\/li><li>Los elementos tecnol\u00f3gicos del Instituto que se trasladan deben ser cuidados y devueltos como fueron entregados.<\/li><li>Recaudos necesarios en caso de al\u00e9rgicos y personas medicadas.<\/li><li>Guiar a los alumnos en la ropa y calzado adecuado para las salidas seg\u00fan el lugar a visitar.<\/li><\/ul>\n\n\n\n<p><\/p>\n","protected":false},"excerpt":{"rendered":"<p>SALIDA EDUCATIVA \/ SALIDA DE REPRESENTACI\u00d3N INSTITUCIONAL &nbsp;I.S.F.D. N\u00b0 103 Los Docentes que al momento de realizar una Salida Educativa o Representaci\u00f3n Institucional, deben tener en cuenta: Notificar al Equipo Directivo&nbsp;el inter\u00e9s y justificaci\u00f3n para realizar la&nbsp; actividad. 2. Una vez obtenida la autorizaci\u00f3n, leer la nueva&nbsp; Resoluci\u00f3n N\u00b0 378\/2017 3. La organizaci\u00f3n&nbsp;&nbsp;de la salida &#8230; <a title=\"Salidas educativas\" class=\"read-more\" href=\"https:\/\/isfd103-bue.infd.edu.ar\/sitio\/salidas-educativas\/\" aria-label=\"More on Salidas educativas\">[+]<\/a><\/p>\n","protected":false},"author":13,"featured_media":0,"parent":0,"menu_order":0,"comment_status":"closed","ping_status":"closed","template":"","meta":[],"acf":[],"_links":{"self":[{"href":"https:\/\/isfd103-bue.infd.edu.ar\/sitio\/wp-json\/wp\/v2\/pages\/4303"}],"collection":[{"href":"https:\/\/isfd103-bue.infd.edu.ar\/sitio\/wp-json\/wp\/v2\/pages"}],"about":[{"href":"https:\/\/isfd103-bue.infd.edu.ar\/sitio\/wp-json\/wp\/v2\/types\/page"}],"author":[{"embeddable":true,"href":"https:\/\/isfd103-bue.infd.edu.ar\/sitio\/wp-json\/wp\/v2\/users\/13"}],"replies":[{"embeddable":true,"href":"https:\/\/isfd103-bue.infd.edu.ar\/sitio\/wp-json\/wp\/v2\/comments?post=4303"}],"version-history":[{"count":9,"href":"https:\/\/isfd103-bue.infd.edu.ar\/sitio\/wp-json\/wp\/v2\/pages\/4303\/revisions"}],"predecessor-version":[{"id":4324,"href":"https:\/\/isfd103-bue.infd.edu.ar\/sitio\/wp-json\/wp\/v2\/pages\/4303\/revisions\/4324"}],"wp:attachment":[{"href":"https:\/\/isfd103-bue.infd.edu.ar\/sitio\/wp-json\/wp\/v2\/media?parent=4303"}],"curies":[{"name":"wp","href":"https:\/\/api.w.org\/{rel}","templated":true}]}}