{"id":3804,"date":"2021-10-07T12:52:27","date_gmt":"2021-10-07T15:52:27","guid":{"rendered":"https:\/\/isfd103-bue.infd.edu.ar\/sitio\/?page_id=3804"},"modified":"2024-03-17T18:10:49","modified_gmt":"2024-03-17T21:10:49","slug":"incompatibilidad-horaria-docente","status":"publish","type":"page","link":"https:\/\/isfd103-bue.infd.edu.ar\/sitio\/incompatibilidad-horaria-docente\/","title":{"rendered":"INCOMPATIBILIDAD HORARIA DOCENTE"},"content":{"rendered":"\n<p>Estimados docentes, recuerden que el formato de Declaraci\u00f3n Jurada de Incompatibilidad Horaria del Nivel Superior es diferente al de otros niveles, por lo tanto enviamos en este correo un adjunto con el formato que se debe utilizar.<\/p>\n\n\n\n<p>Les aclaramos ciertos puntos a tener en cuenta este a\u00f1o para su confecci\u00f3n, a saber:<\/p>\n\n\n\n<p>A \u2013&nbsp; Debe colocar el horario de clases que corresponde a nuestra instituci\u00f3n, seg\u00fan el turno en el que se desempe\u00f1e (Indicar cada m\u00f3dulo por separado)<\/p>\n\n\n\n<p>B \u2013 Debe estar correctamente confeccionada, se deja para su firma y se retiran 72 horas despu\u00e9s.<\/p>\n\n\n\n<p>C &#8211; Deben entregarse en formato papel, firmada y sellada por los directivos de cada instituci\u00f3n educativa en la que se trabaje<\/p>\n\n\n\n<p>C \u2013 La fecha l\u00edmite de entrega es el 8\/4 <\/p>\n\n\n\n<p>D &nbsp;\u2013 Se les recomienda leer el adjunto \u00abPresentaci\u00f3n de Declaraciones Juradas\u00bb antes de completar la declaraci\u00f3n jurada<\/p>\n\n\n\n<div class=\"wp-block-file\"><a id=\"wp-block-file--media-17a5c1d2-e495-4201-81e5-3b7f48524564\" href=\"https:\/\/isfd103-bue.infd.edu.ar\/sitio\/wp-content\/uploads\/2021\/10\/PRESENTACION-DE-DECLARACIONES-JURADAS.pdf\">PRESENTACION-DE-DECLARACIONES-JURADAS<\/a><a href=\"https:\/\/isfd103-bue.infd.edu.ar\/sitio\/wp-content\/uploads\/2021\/10\/PRESENTACION-DE-DECLARACIONES-JURADAS.pdf\" class=\"wp-block-file__button wp-element-button\" download aria-describedby=\"wp-block-file--media-17a5c1d2-e495-4201-81e5-3b7f48524564\">Descarga<\/a><\/div>\n\n\n\n<div class=\"wp-block-file\"><a id=\"wp-block-file--media-0258e79c-da2b-41b5-9e49-577ce3c38d7a\" href=\"https:\/\/isfd103-bue.infd.edu.ar\/sitio\/wp-content\/uploads\/2024\/03\/Orientaciones-para-confeccionar-la-Declaracion-jurada-de-horarios.pdf\">Orientaciones-para-confeccionar-la-Declaracion-jurada-de-horarios<\/a><a href=\"https:\/\/isfd103-bue.infd.edu.ar\/sitio\/wp-content\/uploads\/2024\/03\/Orientaciones-para-confeccionar-la-Declaracion-jurada-de-horarios.pdf\" class=\"wp-block-file__button wp-element-button\" download aria-describedby=\"wp-block-file--media-0258e79c-da2b-41b5-9e49-577ce3c38d7a\">Descarga<\/a><\/div>\n\n\n\n<div class=\"wp-block-file\"><a id=\"wp-block-file--media-063d8434-4a39-4e11-847f-54e5c03aa67d\" href=\"https:\/\/isfd103-bue.infd.edu.ar\/sitio\/wp-content\/uploads\/2021\/10\/Declaracion-Jurada-de-Incompatibilidad-horaria-de-superior.doc\">Declaracion-Jurada-de-Incompatibilidad-horaria-de-superior<\/a><a href=\"https:\/\/isfd103-bue.infd.edu.ar\/sitio\/wp-content\/uploads\/2021\/10\/Declaracion-Jurada-de-Incompatibilidad-horaria-de-superior.doc\" class=\"wp-block-file__button wp-element-button\" download aria-describedby=\"wp-block-file--media-063d8434-4a39-4e11-847f-54e5c03aa67d\">Descarga<\/a><\/div>\n","protected":false},"excerpt":{"rendered":"<p>Estimados docentes, recuerden que el formato de Declaraci\u00f3n Jurada de Incompatibilidad Horaria del Nivel Superior es diferente al de otros niveles, por lo tanto enviamos en este correo un adjunto con el formato que se debe utilizar. Les aclaramos ciertos puntos a tener en cuenta este a\u00f1o para su confecci\u00f3n, a saber: A \u2013&nbsp; Debe &#8230; <a title=\"INCOMPATIBILIDAD HORARIA DOCENTE\" class=\"read-more\" href=\"https:\/\/isfd103-bue.infd.edu.ar\/sitio\/incompatibilidad-horaria-docente\/\" aria-label=\"More on INCOMPATIBILIDAD HORARIA DOCENTE\">[+]<\/a><\/p>\n","protected":false},"author":13,"featured_media":0,"parent":0,"menu_order":0,"comment_status":"closed","ping_status":"closed","template":"","meta":[],"acf":[],"_links":{"self":[{"href":"https:\/\/isfd103-bue.infd.edu.ar\/sitio\/wp-json\/wp\/v2\/pages\/3804"}],"collection":[{"href":"https:\/\/isfd103-bue.infd.edu.ar\/sitio\/wp-json\/wp\/v2\/pages"}],"about":[{"href":"https:\/\/isfd103-bue.infd.edu.ar\/sitio\/wp-json\/wp\/v2\/types\/page"}],"author":[{"embeddable":true,"href":"https:\/\/isfd103-bue.infd.edu.ar\/sitio\/wp-json\/wp\/v2\/users\/13"}],"replies":[{"embeddable":true,"href":"https:\/\/isfd103-bue.infd.edu.ar\/sitio\/wp-json\/wp\/v2\/comments?post=3804"}],"version-history":[{"count":5,"href":"https:\/\/isfd103-bue.infd.edu.ar\/sitio\/wp-json\/wp\/v2\/pages\/3804\/revisions"}],"predecessor-version":[{"id":5078,"href":"https:\/\/isfd103-bue.infd.edu.ar\/sitio\/wp-json\/wp\/v2\/pages\/3804\/revisions\/5078"}],"wp:attachment":[{"href":"https:\/\/isfd103-bue.infd.edu.ar\/sitio\/wp-json\/wp\/v2\/media?parent=3804"}],"curies":[{"name":"wp","href":"https:\/\/api.w.org\/{rel}","templated":true}]}}