{"id":3561,"date":"2021-03-17T19:28:41","date_gmt":"2021-03-17T22:28:41","guid":{"rendered":"https:\/\/isfd103-bue.infd.edu.ar\/sitio\/?page_id=3561"},"modified":"2023-06-15T21:04:55","modified_gmt":"2023-06-16T00:04:55","slug":"cooperadora-3","status":"publish","type":"page","link":"https:\/\/isfd103-bue.infd.edu.ar\/sitio\/cooperadora-3\/","title":{"rendered":"COOPERADORA"},"content":{"rendered":"<p><strong>CONVOCATORIA ASAMBLEA GENERAL ORDINARIA<\/strong><\/p>\n<p>Lomas de Zamora 26 de Abril del 2023.<\/p>\n<p>La Asociaci\u00f3n Cooperadora ENSVU convoca e invita a los socios activos a la Asamblea General Ordinaria a realizarse el d\u00eda 14 del mes de junio del a\u00f1o 2023, a las 15:00 horas, en la sede de la Escuela EP N\u00b0 90 sito en la calle G. Mir\u00f3 N\u00ba 2450 de la localidad de Lomas de Zamora, a los efectos de tratar el siguiente Orden del D\u00eda:<\/p>\n<p>1\u00b0 Designaci\u00f3n de dos socios para firmar el Acta.<br \/>\n2\u00b0 Lectura del acta de la asamblea anterior;<br \/>\n3\u00b0 Lectura del informe de revisores de cuentas sobre el Balance,<br \/>\n4\u00b0 Lectura de la Memoria y consideraciones del Balance<br \/>\n5\u00b0 Elecci\u00f3n de Autoridades de Comisi\u00f3n Directiva; y Revisores de Cuentas.<br \/>\n6\u00b0 Fijaci\u00f3n de Cuota Social Per\u00edodo.<br \/>\n7\u00b0 Fijaci\u00f3n del Monto de Caja Chica<br \/>\nCabe aclarar que la Cooperadora tambi\u00e9n pertenece a todos los nives que conforman la Unidad Acad\u00e9mica: Jard\u00edn 934, Primaria90, Secundaria 22 e Instituto 103.<br \/>\nEs muy importante que las familias participen de esta Asamblea.<br \/>\nDesde ya muchas gracias.<br \/>\nEsperamos contar con vuestra presencia.<br \/>\nAsociaci\u00f3n Cooperadora de Unidad Acad\u00e9mica Villa Urbana<\/p>\n<p><strong>CONVOCATORIA ASAMBLEA GENERAL ORDINARIA<\/strong><\/p>\n<p><strong>Lomas de Zamora 30 de Abril del 2022.<\/strong><\/p>\n<p><strong>La Asociaci\u00f3n Cooperadora ENSVU convoca e invita a los socios activos a la Asamblea\u00a0General Ordinaria a realizarse el d\u00eda 30 del mes de Mayo del a\u00f1o 2021, a las 15:00 horas, en la sede de la\u00a0Escuela EP N\u00b0 90 sito en la calle G. Mir\u00f3 N\u00ba 2450 de la localidad de Lomas de Zamora, a los efectos de tratar el\u00a0siguiente Orden del D\u00eda:<\/strong><\/p>\n<p><strong>\u00a0<\/strong><\/p>\n<p>1\u00b0 Designaci\u00f3n de dos socios para firmar el Acta.<\/p>\n<p>2\u00b0 Lectura del acta de la asamblea anterior;<\/p>\n<p>3\u00b0 Lectura del informe de revisores de cuentas sobre el Balance,<\/p>\n<p>4\u00b0 Lectura de la Memoria y consideraciones del Balance<\/p>\n<p>5\u00b0 Elecci\u00f3n de Autoridades de Comisi\u00f3n Directiva; y Revisores de Cuentas.<\/p>\n<p>6\u00b0 Fijaci\u00f3n de Cuota Social Per\u00edodo.<\/p>\n<p>7\u00b0 Fijaci\u00f3n del Monto de Caja Chica<\/p>\n<p><strong>\u00bfQui\u00e9nes somos?<\/strong><\/p>\n<p>La comisi\u00f3n que representa a la Asociaci\u00f3n Cooperadora ENSVU fue votada en Asamblea el d\u00eda 26\/06\/2019. A partir de ese momento qued\u00f3 conformada del siguiente modo:<\/p>\n<p>Presidente Sr. Hugo Gonzalez padre de estudiantes de Nivel Primario y Secundario<\/p>\n<p>Secretaria: Prof. Mercedes Carrizo, graduada de nuestro Instituto por el Profesorado de Historia.<\/p>\n<p>Tesorero: Prof. Rodrigo D\u00edaz<\/p>\n<p>Pro tesorero: Prof. Sergio Osores<\/p>\n<p>Vocales: Diferentes docentes, estudiantes y graduados de ISFD 103.<\/p>\n<p>A partir de la conformaci\u00f3n debimos realizar diferentes acciones administrativas para poder comenzar a trabajar, en primer lugar, tuvimos la ardua tarea de presentar la documentaci\u00f3n en el Consejo Escolar de Lomas de Zamora y luego habilitar la cuenta bancaria en la Banco Provincia.<\/p>\n<p>Ya en las inscripciones presenciales del a\u00f1o 2019 pudimos comenzar a solicitar el pago solidario de la cuota de 500 pesos a los ingresantes de cada una de las Instituciones que conforman la Unidad Acad\u00e9mica recaudando un total de $ 330.000.<\/p>\n<p><strong>Nuestras acciones 2019<\/strong>.<\/p>\n<p>Se realizaron reparaciones en la escuela 90, pagando s\u00f3lo los materiales necesarios ya que la mano de obra fue realizada en forma voluntaria por nuestro presidente el Sr. Hugo<\/p>\n<p>Se compraron art\u00edculos de limpieza por un total de $ 31.000 los cuales fueron distribuidos en todas las sedes.<\/p>\n<p>Recibimos una donaci\u00f3n por parte de Liliana Mart\u00ednez, miembro de la APDH de $ 10.000 los cuales fueron invertidos en la compra de sillas.<\/p>\n<p>Se construy\u00f3 un cuarto para uso de los auxiliares que posibilita un nuevo ingreso al edificio para estudiantes de Nivel Superior apartado del ingreso de ni\u00f1as\/os de Nivel Primario, por un monto de $ 53.000<\/p>\n<p>Se gestion\u00f3 un petitorio ante el SAE a fin de solicitar la entrega de bolsones de alimentos para ser entregados a nuestros estudiantes m\u00e1s necesitados.<\/p>\n<p><strong>Nuestras acciones 2020<\/strong><\/p>\n<p>Frente a diversas situaciones de vulnerabilidad, realizamos gestiones para ayudar a estudiantes de distintos niveles y carreras.<\/p>\n<p><strong>Reuniones<\/strong><\/p>\n<p>Desde los comienzos de nuestra gesti\u00f3n hemos mantenido constantes reuniones con la Directora de la Unidad Acad\u00e9mica Patricia Nagy, qui\u00e9n nos \u00a0comentaba las necesidades que iban surgiendo para que dentro de nuestras posibilidades podamos atenderlas.<\/p>\n<p>El 10 -02-2020 Nos reunimos junto a nuestro Vice Director Luis P\u00e9rez Varela y las Directoras de EPB 90 y Media 22 para tratar de encontrar soluciones a los desaf\u00edos que presenta la nueva presencialidad, fueron muchas las demandas que necesitan nuestras escuelas para recibir en sus aulas a los estudiantes de todos los niveles. A medida que podamos atenderlos, lo iremos informando.<\/p>\n<p><img decoding=\"async\" loading=\"lazy\" class=\"alignnone size-medium wp-image-3563\" src=\"https:\/\/isfd103-bue.infd.edu.ar\/sitio\/wp-content\/uploads\/2021\/03\/IMG-20210210-WA0013-1000x750.jpg\" alt=\"\" width=\"1000\" height=\"750\" srcset=\"https:\/\/isfd103-bue.infd.edu.ar\/sitio\/wp-content\/uploads\/2021\/03\/IMG-20210210-WA0013-1000x750.jpg 1000w, https:\/\/isfd103-bue.infd.edu.ar\/sitio\/wp-content\/uploads\/2021\/03\/IMG-20210210-WA0013-768x576.jpg 768w, https:\/\/isfd103-bue.infd.edu.ar\/sitio\/wp-content\/uploads\/2021\/03\/IMG-20210210-WA0013.jpg 1280w\" sizes=\"(max-width: 1000px) 100vw, 1000px\" \/><img decoding=\"async\" loading=\"lazy\" class=\"alignnone size-medium wp-image-3562\" src=\"https:\/\/isfd103-bue.infd.edu.ar\/sitio\/wp-content\/uploads\/2021\/03\/IMG-20210210-WA0010-1-1000x462.jpg\" alt=\"\" width=\"1000\" height=\"462\" srcset=\"https:\/\/isfd103-bue.infd.edu.ar\/sitio\/wp-content\/uploads\/2021\/03\/IMG-20210210-WA0010-1-1000x462.jpg 1000w, https:\/\/isfd103-bue.infd.edu.ar\/sitio\/wp-content\/uploads\/2021\/03\/IMG-20210210-WA0010-1-768x355.jpg 768w, https:\/\/isfd103-bue.infd.edu.ar\/sitio\/wp-content\/uploads\/2021\/03\/IMG-20210210-WA0010-1.jpg 1032w\" sizes=\"(max-width: 1000px) 100vw, 1000px\" \/><\/p>\n","protected":false},"excerpt":{"rendered":"<p>CONVOCATORIA ASAMBLEA GENERAL ORDINARIA Lomas de Zamora 26 de Abril del 2023. La Asociaci\u00f3n Cooperadora ENSVU convoca e invita a los socios activos a la Asamblea General Ordinaria a realizarse el d\u00eda 14 del mes de junio del a\u00f1o 2023, a las 15:00 horas, en la sede de la Escuela EP N\u00b0 90 sito en &#8230; <a title=\"COOPERADORA\" class=\"read-more\" href=\"https:\/\/isfd103-bue.infd.edu.ar\/sitio\/cooperadora-3\/\" aria-label=\"More on COOPERADORA\">[+]<\/a><\/p>\n","protected":false},"author":13,"featured_media":0,"parent":0,"menu_order":0,"comment_status":"closed","ping_status":"closed","template":"","meta":[],"acf":[],"_links":{"self":[{"href":"https:\/\/isfd103-bue.infd.edu.ar\/sitio\/wp-json\/wp\/v2\/pages\/3561"}],"collection":[{"href":"https:\/\/isfd103-bue.infd.edu.ar\/sitio\/wp-json\/wp\/v2\/pages"}],"about":[{"href":"https:\/\/isfd103-bue.infd.edu.ar\/sitio\/wp-json\/wp\/v2\/types\/page"}],"author":[{"embeddable":true,"href":"https:\/\/isfd103-bue.infd.edu.ar\/sitio\/wp-json\/wp\/v2\/users\/13"}],"replies":[{"embeddable":true,"href":"https:\/\/isfd103-bue.infd.edu.ar\/sitio\/wp-json\/wp\/v2\/comments?post=3561"}],"version-history":[{"count":7,"href":"https:\/\/isfd103-bue.infd.edu.ar\/sitio\/wp-json\/wp\/v2\/pages\/3561\/revisions"}],"predecessor-version":[{"id":4806,"href":"https:\/\/isfd103-bue.infd.edu.ar\/sitio\/wp-json\/wp\/v2\/pages\/3561\/revisions\/4806"}],"wp:attachment":[{"href":"https:\/\/isfd103-bue.infd.edu.ar\/sitio\/wp-json\/wp\/v2\/media?parent=3561"}],"curies":[{"name":"wp","href":"https:\/\/api.w.org\/{rel}","templated":true}]}}