{"id":3517,"date":"2021-03-03T19:36:14","date_gmt":"2021-03-03T22:36:14","guid":{"rendered":"https:\/\/isfd103-bue.infd.edu.ar\/sitio\/?page_id=3517"},"modified":"2024-03-27T11:39:21","modified_gmt":"2024-03-27T14:39:21","slug":"disenos-curriculares","status":"publish","type":"page","link":"https:\/\/isfd103-bue.infd.edu.ar\/sitio\/disenos-curriculares\/","title":{"rendered":"DISE\u00d1OS CURRICULARES"},"content":{"rendered":"\n<p><\/p>\n\n\n\n<p>Si desean conocer los Dise\u00f1os Curriculares de nuestras carreras pueden entrar en los siguientes links<\/p>\n\n\n\n<p><a href=\"https:\/\/abc.gob.ar\/secretarias\/sites\/default\/files\/2023-02\/IF-2022-40270491-GDEBA-SSEDGCYE%20Y%20BIOLOG%C3%8DA_compressed.pdf\">BIOLOG\u00cdA<\/a><\/p>\n\n\n\n<p><a href=\"https:\/\/isfd103-bue.infd.edu.ar\/sitio\/wp-content\/uploads\/2021\/03\/BIOLOG\u00cdA.pdf\">BIOLOG\u00cdA<\/a> PLAN VIEJO<\/p>\n\n\n\n<p><a href=\"https:\/\/abc.gob.ar\/secretarias\/sites\/default\/files\/2023-02\/IF-2022-40270933-GDEBA-Dise%C3%B1o%20Curricular%20del%20Profesorado%20%20FISICA_compressed.pdf\">F\u00cdSICA<\/a><\/p>\n\n\n\n<p><a href=\"https:\/\/isfd103-bue.infd.edu.ar\/sitio\/wp-content\/uploads\/2021\/03\/F\u00cdSICA.pdf\">F\u00cdSICA<\/a> PLAN VIEJO<\/p>\n\n\n\n<p><a href=\"https:\/\/abc.gob.ar\/secretarias\/sites\/default\/files\/2023-02\/IF-2022-40272975-GDEBA-SSEDGCYE%20Y%20GEOGRAF%C3%8DA_compressed.pdf\">GEOGRAF\u00cdA<\/a><\/p>\n\n\n\n<p><a href=\"https:\/\/isfd103-bue.infd.edu.ar\/sitio\/wp-content\/uploads\/2021\/03\/GEOGRAF\u00cdA.pdf\">GEOGRAF\u00cdA<\/a> PLAN VIEJO<\/p>\n\n\n\n<p><a href=\"https:\/\/abc.gob.ar\/secretarias\/sites\/default\/files\/2023-02\/IF-2022-40273352-GDEBA-SSEDGCYE%20HISTORIA_compressed.pdf\">HISTORIA<\/a><\/p>\n\n\n\n<p><a href=\"https:\/\/isfd103-bue.infd.edu.ar\/sitio\/wp-content\/uploads\/2021\/03\/HISTORIA.pdf\">HISTORIA<\/a> PLAN VIEJO<\/p>\n\n\n\n<p><a href=\"https:\/\/isfd103-bue.infd.edu.ar\/sitio\/wp-content\/uploads\/2021\/03\/dcurricularsuperiorInicialyPrimaria.pdf\">INICIAL y PRIMARIA<\/a><\/p>\n\n\n\n<p><a href=\"https:\/\/isfd103-bue.infd.edu.ar\/sitio\/wp-content\/uploads\/2021\/03\/Disen_o_del_Prof._de_Lengua_y_Literatura_2018.pdf\">LENGUA Y LITERATURA<\/a><\/p>\n\n\n\n<p><a href=\"https:\/\/isfd103-bue.infd.edu.ar\/sitio\/wp-content\/uploads\/2021\/03\/DC_MATEMATICA4_if_2017_05132972_gdeba_cgcyedgcye.pdffilename_-UTF-8DC20MATEMATICA420if_2017_05132972_gdeba_cgcyedgcye-140.pdf\">MATEMATICA<\/a><\/p>\n\n\n\n<p><a href=\"https:\/\/abc.gob.ar\/secretarias\/sites\/default\/files\/2023-02\/IF-2022-40273884-GDEBA-SSEDGCYE%20QU%C3%8DMICA_compressed.pdf\">QU\u00cdMICA<\/a><\/p>\n\n\n\n<p><a href=\"https:\/\/isfd103-bue.infd.edu.ar\/sitio\/wp-content\/uploads\/2021\/03\/QU\u00cdMICA.pdf\">QU\u00cdMICA<\/a> PLAN VIEJO<\/p>\n\n\n\n<div class=\"wp-block-file\"><object class=\"wp-block-file__embed\" data=\"https:\/\/isfd103-bue.infd.edu.ar\/sitio\/wp-content\/uploads\/2024\/03\/Prof.-Electromecanica.pdf\" type=\"application\/pdf\" style=\"width:100%;height:600px\" aria-label=\"Incrustado de TECNOL\u00d3GICO<br&gt;.\"><\/object><a id=\"wp-block-file--media-c15cbc4d-cca6-460f-beba-7ebf95b064b0\" href=\"https:\/\/isfd103-bue.infd.edu.ar\/sitio\/wp-content\/uploads\/2024\/03\/Prof.-Electromecanica.pdf\">TECNOL\u00d3GICO<br><\/a><a href=\"https:\/\/isfd103-bue.infd.edu.ar\/sitio\/wp-content\/uploads\/2024\/03\/Prof.-Electromecanica.pdf\" class=\"wp-block-file__button wp-element-button\" download aria-describedby=\"wp-block-file--media-c15cbc4d-cca6-460f-beba-7ebf95b064b0\">Descarga<\/a><\/div>\n\n\n\n<p><a href=\"https:\/\/isfd103-bue.infd.edu.ar\/sitio\/wp-content\/uploads\/2021\/03\/Profesorado_Tecnologia__Disenio_Curricular.pdf\">TECNOL\u00d3GICO<\/a> PLAN VIEJO<\/p>\n","protected":false},"excerpt":{"rendered":"<p>Si desean conocer los Dise\u00f1os Curriculares de nuestras carreras pueden entrar en los siguientes links BIOLOG\u00cdA BIOLOG\u00cdA PLAN VIEJO F\u00cdSICA F\u00cdSICA PLAN VIEJO GEOGRAF\u00cdA GEOGRAF\u00cdA PLAN VIEJO HISTORIA HISTORIA PLAN VIEJO INICIAL y PRIMARIA LENGUA Y LITERATURA MATEMATICA QU\u00cdMICA QU\u00cdMICA PLAN VIEJO TECNOL\u00d3GICO PLAN VIEJO<\/p>\n","protected":false},"author":13,"featured_media":0,"parent":0,"menu_order":0,"comment_status":"closed","ping_status":"closed","template":"","meta":[],"acf":[],"_links":{"self":[{"href":"https:\/\/isfd103-bue.infd.edu.ar\/sitio\/wp-json\/wp\/v2\/pages\/3517"}],"collection":[{"href":"https:\/\/isfd103-bue.infd.edu.ar\/sitio\/wp-json\/wp\/v2\/pages"}],"about":[{"href":"https:\/\/isfd103-bue.infd.edu.ar\/sitio\/wp-json\/wp\/v2\/types\/page"}],"author":[{"embeddable":true,"href":"https:\/\/isfd103-bue.infd.edu.ar\/sitio\/wp-json\/wp\/v2\/users\/13"}],"replies":[{"embeddable":true,"href":"https:\/\/isfd103-bue.infd.edu.ar\/sitio\/wp-json\/wp\/v2\/comments?post=3517"}],"version-history":[{"count":13,"href":"https:\/\/isfd103-bue.infd.edu.ar\/sitio\/wp-json\/wp\/v2\/pages\/3517\/revisions"}],"predecessor-version":[{"id":5114,"href":"https:\/\/isfd103-bue.infd.edu.ar\/sitio\/wp-json\/wp\/v2\/pages\/3517\/revisions\/5114"}],"wp:attachment":[{"href":"https:\/\/isfd103-bue.infd.edu.ar\/sitio\/wp-json\/wp\/v2\/media?parent=3517"}],"curies":[{"name":"wp","href":"https:\/\/api.w.org\/{rel}","templated":true}]}}