{"id":3503,"date":"2021-02-24T12:05:29","date_gmt":"2021-02-24T15:05:29","guid":{"rendered":"https:\/\/isfd103-bue.infd.edu.ar\/sitio\/?page_id=3503"},"modified":"2021-02-24T19:31:00","modified_gmt":"2021-02-24T22:31:00","slug":"entrega-presencial-de-titulos","status":"publish","type":"page","link":"https:\/\/isfd103-bue.infd.edu.ar\/sitio\/entrega-presencial-de-titulos\/","title":{"rendered":"ENTREGA PRESENCIAL DE T\u00cdTULOS"},"content":{"rendered":"<p>GUARDIAS PRESENCIALES PARA ENTREGA DE T\u00cdTULOS<\/p>\n<p>Estimadxs egresadxs:<br \/>\nEn los d\u00edas que se detallan a continuaci\u00f3n, se realizar\u00e1 la entrega de t\u00edtulos de manera presencial en la Sede de ISFD 103 Gabriel Mir\u00f3 2450.<\/p>\n<p>JUEVES 25\/2<br \/>\n12:00hs Historia\/ Geograf\u00eda<br \/>\n13:00 hs Primaria\/ Tramo<br \/>\n14:00 hs Inicial\/ Tecnol\u00f3gico<br \/>\n15:00 hs Matem\u00e1tica\/Biolog\u00eda\/ Qu\u00edmica<br \/>\n16:00 hs Fin de la guardia.<\/p>\n<p>LUNES 1\/3<br \/>\n13:00 hs a 15:00 hs Todas las Carreras<br \/>\n15:00 hs Fin de la guardia.<\/p>\n<p>JUEVES 4\/3<br \/>\n13:00 hs a 15:00 hs Todas las Carreras.<br \/>\n15:00 hs Fin de la guardia.<\/p>\n<p>Se solicita respetar los horarios propuestos para responder al protocolo de vuelta a la presencialidad.<\/p>\n<p>\u00a1Felicitaciones a todxs lxs que reciben sus t\u00edtulos!<\/p>\n<p>Los alumnos que deben acercarse son<\/p>\n<p><a href=\"https:\/\/isfd103-bue.infd.edu.ar\/sitio\/wp-content\/uploads\/2021\/02\/NOMINA-TITULOS-RECIBIDOS-OCTUBRE.NOV_.-2020-FEBRERO-2021.xlsx\">NOMINA TITULOS RECIBIDOS OCTUBRE.NOV. 2020-FEBRERO 2021<\/a><\/p>\n<p>EQUIPO DE CONDUCCI\u00d3N<\/p>\n","protected":false},"excerpt":{"rendered":"<p>GUARDIAS PRESENCIALES PARA ENTREGA DE T\u00cdTULOS Estimadxs egresadxs: En los d\u00edas que se detallan a continuaci\u00f3n, se realizar\u00e1 la entrega de t\u00edtulos de manera presencial en la Sede de ISFD 103 Gabriel Mir\u00f3 2450. JUEVES 25\/2 12:00hs Historia\/ Geograf\u00eda 13:00 hs Primaria\/ Tramo 14:00 hs Inicial\/ Tecnol\u00f3gico 15:00 hs Matem\u00e1tica\/Biolog\u00eda\/ Qu\u00edmica 16:00 hs Fin de &#8230; <a title=\"ENTREGA PRESENCIAL DE T\u00cdTULOS\" class=\"read-more\" href=\"https:\/\/isfd103-bue.infd.edu.ar\/sitio\/entrega-presencial-de-titulos\/\" aria-label=\"More on ENTREGA PRESENCIAL DE T\u00cdTULOS\">[+]<\/a><\/p>\n","protected":false},"author":13,"featured_media":0,"parent":0,"menu_order":0,"comment_status":"closed","ping_status":"closed","template":"","meta":[],"acf":[],"_links":{"self":[{"href":"https:\/\/isfd103-bue.infd.edu.ar\/sitio\/wp-json\/wp\/v2\/pages\/3503"}],"collection":[{"href":"https:\/\/isfd103-bue.infd.edu.ar\/sitio\/wp-json\/wp\/v2\/pages"}],"about":[{"href":"https:\/\/isfd103-bue.infd.edu.ar\/sitio\/wp-json\/wp\/v2\/types\/page"}],"author":[{"embeddable":true,"href":"https:\/\/isfd103-bue.infd.edu.ar\/sitio\/wp-json\/wp\/v2\/users\/13"}],"replies":[{"embeddable":true,"href":"https:\/\/isfd103-bue.infd.edu.ar\/sitio\/wp-json\/wp\/v2\/comments?post=3503"}],"version-history":[{"count":2,"href":"https:\/\/isfd103-bue.infd.edu.ar\/sitio\/wp-json\/wp\/v2\/pages\/3503\/revisions"}],"predecessor-version":[{"id":3510,"href":"https:\/\/isfd103-bue.infd.edu.ar\/sitio\/wp-json\/wp\/v2\/pages\/3503\/revisions\/3510"}],"wp:attachment":[{"href":"https:\/\/isfd103-bue.infd.edu.ar\/sitio\/wp-json\/wp\/v2\/media?parent=3503"}],"curies":[{"name":"wp","href":"https:\/\/api.w.org\/{rel}","templated":true}]}}