{"id":3498,"date":"2021-02-22T15:35:20","date_gmt":"2021-02-22T18:35:20","guid":{"rendered":"https:\/\/isfd103-bue.infd.edu.ar\/sitio\/?page_id=3498"},"modified":"2022-03-10T16:00:43","modified_gmt":"2022-03-10T19:00:43","slug":"becas-progresar-2021","status":"publish","type":"page","link":"https:\/\/isfd103-bue.infd.edu.ar\/sitio\/becas-progresar-2021\/","title":{"rendered":"Coordinaci\u00f3n Institucional de Pol\u00edticas Estudiantiles (CIPES)"},"content":{"rendered":"<p>Buenas tardes a todxs!!&#x1f601;<br \/>\nInformaci\u00f3n importante para aquellxs estudiantes que deseen postularse \/ re-inscribirse en alguna de las L\u00edneas de Becas Progresar.<br \/>\n&#x26a0;&#xfe0f; Les pido que lean atentamente la siguiente informaci\u00f3n &#x26a0;&#xfe0f;<\/p>\n<p>&#x25b6;&#xfe0f; Las inscripciones est\u00e1n previstas para el 1\u00b0 de Marzo. La inscripci\u00f3n es ONLINE. NO HAY QUE PRESENTAR NING\u00daN PAPEL (NI EN EL INSTITUTO NI ANSES) para realizar este tr\u00e1mite.<br \/>\n&#x1f4bb; Arme un PADLET al cual podr\u00e1n ingresar y encontrar toda la informaci\u00f3n respecto a Becas. Por favor, leer atentamente los pdf \/ tutoriales que se encuentran en la plataforma.<br \/>\nENLACE:&nbsp;<a href=\"https:\/\/padlet.com\/cipeinstituto103\/f9e9cv54yju2gp7u\">PADLET<\/a><\/p>\n<p>&#x25b6;&#xfe0f; Grupos de WhatsApp: La idea es que lxs delegadxs o algun\/a compa\u00f1erx &#8211; por curso &#8211; puedan sumarse para difundir las novedades \/ noticias en lo que respecta a Becas.<br \/>\n&#x1f465; Grupo de WhatsApp:&nbsp;<a href=\"https:\/\/chat.whatsapp.com\/GWv4EizTo16A9TT1uWUZMS\">WHATSAPP<\/a><br \/>\nPor favor,al ingresar presentarse con nombre,carrera y a\u00f1o.<\/p>\n<p>&#x2753;Por dudas \/ consultas particulares : Enviar sus datos (nombre, apellido, carrera, a\u00f1o) y la consulta a : E-mail: becasprogresar103@gmail.com o Celular Liz &#8211; CIPE: 15-6502-3972<\/p>\n<p>Se agradece difusi\u00f3n.<br \/>\nDeseo un excelente inicio de cursada para todxs!.&#x263a;&#xfe0f;<br \/>\nSaludos!!!&#x1f604;<\/p>\n","protected":false},"excerpt":{"rendered":"<p>Buenas tardes a todxs!!&#x1f601; Informaci\u00f3n importante para aquellxs estudiantes que deseen postularse \/ re-inscribirse en alguna de las L\u00edneas de Becas Progresar. &#x26a0;&#xfe0f; Les pido que lean atentamente la siguiente informaci\u00f3n &#x26a0;&#xfe0f; &#x25b6;&#xfe0f; Las inscripciones est\u00e1n previstas para el 1\u00b0 de Marzo. La inscripci\u00f3n es ONLINE. NO HAY QUE PRESENTAR NING\u00daN PAPEL (NI EN EL &#8230; <a title=\"Coordinaci\u00f3n Institucional de Pol\u00edticas Estudiantiles (CIPES)\" class=\"read-more\" href=\"https:\/\/isfd103-bue.infd.edu.ar\/sitio\/becas-progresar-2021\/\" aria-label=\"More on Coordinaci\u00f3n Institucional de Pol\u00edticas Estudiantiles (CIPES)\">[+]<\/a><\/p>\n","protected":false},"author":13,"featured_media":0,"parent":0,"menu_order":0,"comment_status":"closed","ping_status":"closed","template":"","meta":[],"acf":[],"_links":{"self":[{"href":"https:\/\/isfd103-bue.infd.edu.ar\/sitio\/wp-json\/wp\/v2\/pages\/3498"}],"collection":[{"href":"https:\/\/isfd103-bue.infd.edu.ar\/sitio\/wp-json\/wp\/v2\/pages"}],"about":[{"href":"https:\/\/isfd103-bue.infd.edu.ar\/sitio\/wp-json\/wp\/v2\/types\/page"}],"author":[{"embeddable":true,"href":"https:\/\/isfd103-bue.infd.edu.ar\/sitio\/wp-json\/wp\/v2\/users\/13"}],"replies":[{"embeddable":true,"href":"https:\/\/isfd103-bue.infd.edu.ar\/sitio\/wp-json\/wp\/v2\/comments?post=3498"}],"version-history":[{"count":3,"href":"https:\/\/isfd103-bue.infd.edu.ar\/sitio\/wp-json\/wp\/v2\/pages\/3498\/revisions"}],"predecessor-version":[{"id":4162,"href":"https:\/\/isfd103-bue.infd.edu.ar\/sitio\/wp-json\/wp\/v2\/pages\/3498\/revisions\/4162"}],"wp:attachment":[{"href":"https:\/\/isfd103-bue.infd.edu.ar\/sitio\/wp-json\/wp\/v2\/media?parent=3498"}],"curies":[{"name":"wp","href":"https:\/\/api.w.org\/{rel}","templated":true}]}}