{"id":3277,"date":"2020-10-19T14:51:37","date_gmt":"2020-10-19T17:51:37","guid":{"rendered":"https:\/\/isfd103-bue.infd.edu.ar\/sitio\/?page_id=3277"},"modified":"2022-11-28T10:10:13","modified_gmt":"2022-11-28T13:10:13","slug":"revista-somos-103","status":"publish","type":"page","link":"https:\/\/isfd103-bue.infd.edu.ar\/sitio\/revista-somos-103\/","title":{"rendered":"Revista \u00abSomos 103\u00bb"},"content":{"rendered":"<p>Buenos d\u00edas. Ahora s\u00ed!<br>Tenemos el placer de presentarles la primera Revista Digital en la historia de nuestra instituci\u00f3n \u00abSomos 103\u00bb, y que orgullosamente celebramos ya que fue una iniciativa pura y exclusivamente de lxs estudiantes, pero con un apoyo tremendo de parte de docentes y directivos.<br>De m\u00e1s est\u00e1 decir que quedan las puertas abiertas de este proyecto a lxs estudiantes de todas las carreras que conforman este instituto y que quieran participar en las pr\u00f3ximas ediciones (que esperamos, sean muchas).<br>Gracias por el aguante, por el espacio y por el respeto.<\/p>\n<p>Links a los diferentes n\u00fameros de la revista:<\/p>\n\n\n<div class=\"wp-block-file\"><a href=\"https:\/\/isfd103-bue.infd.edu.ar\/sitio\/wp-content\/uploads\/2022\/11\/REVISTA-Somos-103-tercer-numero.pdf\">REVISTA-Somos-103-tercer-numero<\/a><a href=\"https:\/\/isfd103-bue.infd.edu.ar\/sitio\/wp-content\/uploads\/2022\/11\/REVISTA-Somos-103-tercer-numero.pdf\" class=\"wp-block-file__button\" download>Descarga<\/a><\/div>\n\n\n\n<div class=\"wp-block-file\"><a href=\"https:\/\/isfd103-bue.infd.edu.ar\/sitio\/wp-content\/uploads\/2022\/11\/Revista-Somos-103-segundo-numero.pdf\">Revista-Somos-103-segundo-numero<\/a><a href=\"https:\/\/isfd103-bue.infd.edu.ar\/sitio\/wp-content\/uploads\/2022\/11\/Revista-Somos-103-segundo-numero.pdf\" class=\"wp-block-file__button\" download>Descarga<\/a><\/div>\n\n\n\n<div class=\"wp-block-file\"><a href=\"https:\/\/isfd103-bue.infd.edu.ar\/sitio\/wp-content\/uploads\/2022\/11\/Revista-Somos-103-primer-numero.pdf\">Revista-Somos-103-primer-numero<\/a><a href=\"https:\/\/isfd103-bue.infd.edu.ar\/sitio\/wp-content\/uploads\/2022\/11\/Revista-Somos-103-primer-numero.pdf\" class=\"wp-block-file__button\" download>Descarga<\/a><\/div>\n","protected":false},"excerpt":{"rendered":"<p>Buenos d\u00edas. Ahora s\u00ed!Tenemos el placer de presentarles la primera Revista Digital en la historia de nuestra instituci\u00f3n \u00abSomos 103\u00bb, y que orgullosamente celebramos ya que fue una iniciativa pura y exclusivamente de lxs estudiantes, pero con un apoyo tremendo de parte de docentes y directivos.De m\u00e1s est\u00e1 decir que quedan las puertas abiertas de &#8230; <a title=\"Revista \u00abSomos 103\u00bb\" class=\"read-more\" href=\"https:\/\/isfd103-bue.infd.edu.ar\/sitio\/revista-somos-103\/\" aria-label=\"More on Revista \u00abSomos 103\u00bb\">[+]<\/a><\/p>\n","protected":false},"author":13,"featured_media":0,"parent":0,"menu_order":0,"comment_status":"closed","ping_status":"closed","template":"","meta":[],"acf":[],"_links":{"self":[{"href":"https:\/\/isfd103-bue.infd.edu.ar\/sitio\/wp-json\/wp\/v2\/pages\/3277"}],"collection":[{"href":"https:\/\/isfd103-bue.infd.edu.ar\/sitio\/wp-json\/wp\/v2\/pages"}],"about":[{"href":"https:\/\/isfd103-bue.infd.edu.ar\/sitio\/wp-json\/wp\/v2\/types\/page"}],"author":[{"embeddable":true,"href":"https:\/\/isfd103-bue.infd.edu.ar\/sitio\/wp-json\/wp\/v2\/users\/13"}],"replies":[{"embeddable":true,"href":"https:\/\/isfd103-bue.infd.edu.ar\/sitio\/wp-json\/wp\/v2\/comments?post=3277"}],"version-history":[{"count":6,"href":"https:\/\/isfd103-bue.infd.edu.ar\/sitio\/wp-json\/wp\/v2\/pages\/3277\/revisions"}],"predecessor-version":[{"id":4529,"href":"https:\/\/isfd103-bue.infd.edu.ar\/sitio\/wp-json\/wp\/v2\/pages\/3277\/revisions\/4529"}],"wp:attachment":[{"href":"https:\/\/isfd103-bue.infd.edu.ar\/sitio\/wp-json\/wp\/v2\/media?parent=3277"}],"curies":[{"name":"wp","href":"https:\/\/api.w.org\/{rel}","templated":true}]}}