{"id":286,"date":"2016-10-31T13:17:59","date_gmt":"2016-10-31T16:17:59","guid":{"rendered":"https:\/\/isfd103-bue.infd.edu.ar\/sitio\/?page_id=286"},"modified":"2025-09-23T18:44:57","modified_gmt":"2025-09-23T21:44:57","slug":"inicio","status":"publish","type":"page","link":"https:\/\/isfd103-bue.infd.edu.ar\/sitio\/","title":{"rendered":"Inicio"},"content":{"rendered":"<div id=\"metaslider-id-403\" style=\"width: 100%;\" class=\"ml-slider-3-33-0 metaslider metaslider-flex metaslider-403 ml-slider ms-theme-default\" role=\"region\" aria-roledescription=\"Slideshow\" aria-label=\"Slideshow\">\n    <div id=\"metaslider_container_403\">\n        <div id=\"metaslider_403\" class=\"flexslider\">\n            <ul aria-live=\"polite\" class=\"slides\">\n                <li style=\"display: block; width: 100%;\" class=\"slide-607 ms-image\" aria-roledescription=\"slide\" aria-label=\"slide-607\"><a href=\"https:\/\/mapa.infd.edu.ar\/\" target=\"_blank\"><img src=\"https:\/\/isfd103-bue.infd.edu.ar\/sitio\/wp-content\/uploads\/2018\/06\/mapa_infd6-1100x200.png\" height=\"200\" width=\"1100\" alt=\"\" class=\"slider-403 slide-607\" title=\"mapa_infd6\" \/><\/a><\/li>\n                <li style=\"display: none; width: 100%;\" class=\"slide-609 ms-image\" aria-roledescription=\"slide\" aria-label=\"slide-609\"><a href=\"https:\/\/www.argentina.gob.ar\/educacion\/becas\" target=\"_blank\"><img src=\"https:\/\/isfd103-bue.infd.edu.ar\/sitio\/wp-content\/uploads\/2018\/06\/becas7-1100x200.png\" height=\"200\" width=\"1100\" alt=\"\" class=\"slider-403 slide-609\" title=\"becas7\" \/><\/a><\/li>\n                <li style=\"display: none; width: 100%;\" class=\"slide-635 ms-image\" aria-roledescription=\"slide\" aria-label=\"slide-635\"><a href=\"https:\/\/www.argentina.gob.ar\/tema\/estudiar\/formacion-docencia\" target=\"_blank\"><img src=\"https:\/\/isfd103-bue.infd.edu.ar\/sitio\/wp-content\/uploads\/2018\/06\/convocatorias_slide6-1-1100x200.png\" height=\"200\" width=\"1100\" alt=\"\" class=\"slider-403 slide-635\" title=\"convocatorias_slide6-1\" \/><\/a><\/li>\n            <\/ul>\n        <\/div>\n        \n    <\/div>\n<\/div>\n<p style=\"text-align: center;\"><span style=\"color: #000080; font-family: book antiqua, palatino; background-color: #ffffff;\"><strong><span style=\"font-size: 24pt;\">I.S.F.<\/span><\/strong><strong><span style=\"font-size: 24pt;\">D. N\u00ba 103<\/span><\/strong><\/span><\/p>\n<h2 style=\"text-align: center;\"><strong>\u00abProf Francisco J. Zimei\u00bb<\/strong><\/h2>\n<h2><strong><img decoding=\"async\" loading=\"lazy\" class=\"wp-image-5724 aligncenter\" src=\"https:\/\/isfd103-bue.infd.edu.ar\/sitio\/wp-content\/uploads\/2025\/09\/WhatsApp-Image-2025-09-23-at-13.35.16-1000x706.jpeg\" alt=\"\" width=\"324\" height=\"229\" srcset=\"https:\/\/isfd103-bue.infd.edu.ar\/sitio\/wp-content\/uploads\/2025\/09\/WhatsApp-Image-2025-09-23-at-13.35.16-1000x706.jpeg 1000w, https:\/\/isfd103-bue.infd.edu.ar\/sitio\/wp-content\/uploads\/2025\/09\/WhatsApp-Image-2025-09-23-at-13.35.16-768x542.jpeg 768w, https:\/\/isfd103-bue.infd.edu.ar\/sitio\/wp-content\/uploads\/2025\/09\/WhatsApp-Image-2025-09-23-at-13.35.16.jpeg 1047w\" sizes=\"(max-width: 324px) 100vw, 324px\" \/><\/strong><\/h2>\n<p><span style=\"color: #000080; font-family: book antiqua, palatino; background-color: #ffffff;\"><strong><span style=\"font-size: 24pt;\"><img decoding=\"async\" loading=\"lazy\" class=\"alignnone  wp-image-1335 aligncenter\" src=\"https:\/\/isfd103-bue.infd.edu.ar\/sitio\/wp-content\/uploads\/2020\/04\/103.jpg\" alt=\"\" width=\"440\" height=\"440\" srcset=\"https:\/\/isfd103-bue.infd.edu.ar\/sitio\/wp-content\/uploads\/2020\/04\/103.jpg 960w, https:\/\/isfd103-bue.infd.edu.ar\/sitio\/wp-content\/uploads\/2020\/04\/103-500x500.jpg 500w, https:\/\/isfd103-bue.infd.edu.ar\/sitio\/wp-content\/uploads\/2020\/04\/103-768x768.jpg 768w\" sizes=\"(max-width: 440px) 100vw, 440px\" \/><\/span><\/strong><\/span><\/p>\n<p style=\"text-align: center;\"><span style=\"font-size: 10pt; color: black; font-family: Verdana;\">El <\/span><span style=\"font-size: 10pt; color: black; font-family: Verdana;\">Instituto Superior de Formaci\u00f3n Docente N\u00b0 103 forma parte del sistema de educaci\u00f3n p\u00fablica de gesti\u00f3n estatal.<\/span><\/p>\n<p style=\"text-align: center;\"><span style=\"font-size: 10pt; color: black; font-family: Verdana;\">A trav\u00e9s de este sitio nuestro Instituto podr\u00e1 comunicar novedades, dar informaci\u00f3n, compartir experiencias, y brindando apoyo y asesoramiento a\u00a0alumnos, docentes e interesados en formar parte de esta comunidad educativa.<\/span><\/p>\n<p style=\"text-align: center;\">\u00a0<\/p>\n","protected":false},"excerpt":{"rendered":"<p>I.S.F.D. N\u00ba 103 \u00abProf Francisco J. Zimei\u00bb El Instituto Superior de Formaci\u00f3n Docente N\u00b0 103 forma parte del sistema de educaci\u00f3n p\u00fablica de gesti\u00f3n estatal. A trav\u00e9s de este sitio nuestro Instituto podr\u00e1 comunicar novedades, dar informaci\u00f3n, compartir experiencias, y brindando apoyo y asesoramiento a\u00a0alumnos, docentes e interesados en formar parte de esta comunidad educativa. &#8230; <a title=\"Inicio\" class=\"read-more\" href=\"https:\/\/isfd103-bue.infd.edu.ar\/sitio\/\" aria-label=\"More on Inicio\">[+]<\/a><\/p>\n","protected":false},"author":1,"featured_media":0,"parent":0,"menu_order":0,"comment_status":"closed","ping_status":"closed","template":"","meta":[],"acf":[],"_links":{"self":[{"href":"https:\/\/isfd103-bue.infd.edu.ar\/sitio\/wp-json\/wp\/v2\/pages\/286"}],"collection":[{"href":"https:\/\/isfd103-bue.infd.edu.ar\/sitio\/wp-json\/wp\/v2\/pages"}],"about":[{"href":"https:\/\/isfd103-bue.infd.edu.ar\/sitio\/wp-json\/wp\/v2\/types\/page"}],"author":[{"embeddable":true,"href":"https:\/\/isfd103-bue.infd.edu.ar\/sitio\/wp-json\/wp\/v2\/users\/1"}],"replies":[{"embeddable":true,"href":"https:\/\/isfd103-bue.infd.edu.ar\/sitio\/wp-json\/wp\/v2\/comments?post=286"}],"version-history":[{"count":108,"href":"https:\/\/isfd103-bue.infd.edu.ar\/sitio\/wp-json\/wp\/v2\/pages\/286\/revisions"}],"predecessor-version":[{"id":5726,"href":"https:\/\/isfd103-bue.infd.edu.ar\/sitio\/wp-json\/wp\/v2\/pages\/286\/revisions\/5726"}],"wp:attachment":[{"href":"https:\/\/isfd103-bue.infd.edu.ar\/sitio\/wp-json\/wp\/v2\/media?parent=286"}],"curies":[{"name":"wp","href":"https:\/\/api.w.org\/{rel}","templated":true}]}}