{"id":1543,"date":"2020-08-03T16:45:01","date_gmt":"2020-08-03T19:45:01","guid":{"rendered":"https:\/\/isfd103-bue.infd.edu.ar\/sitio\/?page_id=1543"},"modified":"2020-08-04T13:01:19","modified_gmt":"2020-08-04T16:01:19","slug":"bienvenidos-al-segundo-cuatrimestre","status":"publish","type":"page","link":"https:\/\/isfd103-bue.infd.edu.ar\/sitio\/bienvenidos-al-segundo-cuatrimestre\/","title":{"rendered":"Bienvenidos alumnos al segundo cuatrimestre"},"content":{"rendered":"<p>SEGUNDO CUATRIMESTRE 2020<br \/>\nLes damos la bienvenida al segundo cuatrimestre de este inusual a\u00f1o 2020.<br \/>\nAntes que nada queremos saludar y acompa\u00f1ar a todos aquellos integrantes de la comunidad educativa del I.S.F.D. N\u00b0103 que son v\u00edctimas directas de la pandemia o poseen familiares afectados.<br \/>\nSabemos la delicada situaci\u00f3n econ\u00f3mica que estamos atravesando, somos conscientes de las dificultades que deben sortear lxs estudiantes y docentes para mantenerse firme en su cursada y en su trabajo.<br \/>\nLa historia \u00abdel 103\u00bb (como lo llamamos los que lo conocemos y lo amamos), demuestra que tenemos las fuerzas suficientes para superar los m\u00e1s dificiles momentos. Estamos convencidos que esta vez tambi\u00e9n ser\u00e1 as\u00ed. La solidaridad y el compa\u00f1erismo son las bases de nuestra instituci\u00f3n y apelaremos a ellas, una vez m\u00e1s para llegar exitosamente a las metas trazadas al comienzo.<br \/>\nSaludamos entonces a nuestrxs Jefxs de \u00e1rea, coordinadorxs, profesorxs, precepotorxes, auxiliares y estudiantxs y les agradecemos que en esta segunda parte del a\u00f1o est\u00e9n tambi\u00e9n en la primera l\u00ednea de trabajo.<\/p>\n<p>MESAS DE ACREDITACI\u00d3N FINAL<\/p>\n<p>(pendientes de marzo)<\/p>\n<p>Por otro lado, en la semana del 10\/8 se llevar\u00e1n a cabo las mesas pendientes del mes de marzo seg\u00fan los siguientes cronogramas. En cada link encontrar\u00e1n las fechas de las mesas y en breve se publicar\u00e1n los criterios y los instrumentos de evaluaci\u00f3n, elaborados por los docentes, que se usar\u00e1n en cada mesa<\/p>\n<p><a href=\"https:\/\/isfd103-bue.infd.edu.ar\/sitio\/wp-content\/uploads\/2020\/07\/Cronograma-Matem\u00e1tica-TV.pdf\">Cronograma Matem\u00e1tica TV<\/a><\/p>\n<p><a href=\"https:\/\/isfd103-bue.infd.edu.ar\/sitio\/wp-content\/uploads\/2020\/07\/Cronograma-Matem\u00e1tica-TT.pdf\">Cronograma Matem\u00e1tica TT<\/a><\/p>\n<p><a href=\"https:\/\/isfd103-bue.infd.edu.ar\/sitio\/wp-content\/uploads\/2020\/07\/Cronograma-Matem\u00e1tica-M-10.pdf\">Cronograma Matem\u00e1tica M 10<\/a><\/p>\n<p><a href=\"https:\/\/isfd103-bue.infd.edu.ar\/sitio\/wp-content\/uploads\/2020\/07\/Cronograma-INICIAL-TV.pdf\">Cronograma INICIAL TV<\/a><\/p>\n<p><a href=\"https:\/\/isfd103-bue.infd.edu.ar\/sitio\/wp-content\/uploads\/2020\/07\/Cronograma-Inicial-TT.pdf\">Cronograma Inicial TT<\/a><\/p>\n<p><a href=\"https:\/\/isfd103-bue.infd.edu.ar\/sitio\/wp-content\/uploads\/2020\/07\/Cronograma-Primaria-TT.pdf\">Cronograma Primaria TT<\/a><\/p>\n<p><a href=\"https:\/\/isfd103-bue.infd.edu.ar\/sitio\/wp-content\/uploads\/2020\/07\/Cronograma-Primaria-TV.pdf\">Cronograma Primaria TV<\/a><\/p>\n<p><a href=\"https:\/\/isfd103-bue.infd.edu.ar\/sitio\/wp-content\/uploads\/2020\/07\/Cronograma-Historia-TV.pdf\">Cronograma Historia TV<\/a><\/p>\n<p><a href=\"https:\/\/isfd103-bue.infd.edu.ar\/sitio\/wp-content\/uploads\/2020\/07\/Cronograma-Historia-TT.pdf\">Cronograma Historia TT<\/a><\/p>\n<p><a href=\"https:\/\/isfd103-bue.infd.edu.ar\/sitio\/wp-content\/uploads\/2020\/08\/Cronograma-Geograf\u00eda-1.pdf\">Cronograma Geograf\u00eda (1)<\/a><\/p>\n<p><a href=\"https:\/\/isfd103-bue.infd.edu.ar\/sitio\/wp-content\/uploads\/2020\/07\/Cronograma-Biolog\u00eda.pdf\">Cronograma Biolog\u00eda<\/a><\/p>\n<p><a href=\"https:\/\/isfd103-bue.infd.edu.ar\/sitio\/wp-content\/uploads\/2020\/07\/Cronograma-F\u00edsica.pdf\">Cronograma F\u00edsica<\/a><\/p>\n<p><a href=\"https:\/\/isfd103-bue.infd.edu.ar\/sitio\/wp-content\/uploads\/2020\/07\/Cronograma-Qu\u00edmica.pdf\">Cronograma Qu\u00edmica<\/a><\/p>\n<p><a href=\"https:\/\/isfd103-bue.infd.edu.ar\/sitio\/wp-content\/uploads\/2020\/07\/Cronograma-Tecnol\u00f3gico.pdf\">Cronograma Tecnol\u00f3gico<\/a><\/p>\n<p><a href=\"https:\/\/isfd103-bue.infd.edu.ar\/sitio\/wp-content\/uploads\/2020\/07\/Cronograma-Lengua.pdf\">Cronograma Lengua<\/a><\/p>\n<p>Cuidense y cuiden.<br \/>\nEQUIPO DIRECTIVO<\/p>\n","protected":false},"excerpt":{"rendered":"<p>SEGUNDO CUATRIMESTRE 2020 Les damos la bienvenida al segundo cuatrimestre de este inusual a\u00f1o 2020. Antes que nada queremos saludar y acompa\u00f1ar a todos aquellos integrantes de la comunidad educativa del I.S.F.D. N\u00b0103 que son v\u00edctimas directas de la pandemia o poseen familiares afectados. Sabemos la delicada situaci\u00f3n econ\u00f3mica que estamos atravesando, somos conscientes de &#8230; <a title=\"Bienvenidos alumnos al segundo cuatrimestre\" class=\"read-more\" href=\"https:\/\/isfd103-bue.infd.edu.ar\/sitio\/bienvenidos-al-segundo-cuatrimestre\/\" aria-label=\"More on Bienvenidos alumnos al segundo cuatrimestre\">[+]<\/a><\/p>\n","protected":false},"author":13,"featured_media":0,"parent":0,"menu_order":0,"comment_status":"closed","ping_status":"closed","template":"","meta":[],"acf":[],"_links":{"self":[{"href":"https:\/\/isfd103-bue.infd.edu.ar\/sitio\/wp-json\/wp\/v2\/pages\/1543"}],"collection":[{"href":"https:\/\/isfd103-bue.infd.edu.ar\/sitio\/wp-json\/wp\/v2\/pages"}],"about":[{"href":"https:\/\/isfd103-bue.infd.edu.ar\/sitio\/wp-json\/wp\/v2\/types\/page"}],"author":[{"embeddable":true,"href":"https:\/\/isfd103-bue.infd.edu.ar\/sitio\/wp-json\/wp\/v2\/users\/13"}],"replies":[{"embeddable":true,"href":"https:\/\/isfd103-bue.infd.edu.ar\/sitio\/wp-json\/wp\/v2\/comments?post=1543"}],"version-history":[{"count":5,"href":"https:\/\/isfd103-bue.infd.edu.ar\/sitio\/wp-json\/wp\/v2\/pages\/1543\/revisions"}],"predecessor-version":[{"id":1562,"href":"https:\/\/isfd103-bue.infd.edu.ar\/sitio\/wp-json\/wp\/v2\/pages\/1543\/revisions\/1562"}],"wp:attachment":[{"href":"https:\/\/isfd103-bue.infd.edu.ar\/sitio\/wp-json\/wp\/v2\/media?parent=1543"}],"curies":[{"name":"wp","href":"https:\/\/api.w.org\/{rel}","templated":true}]}}