{"id":1444,"date":"2020-06-19T21:36:16","date_gmt":"2020-06-20T00:36:16","guid":{"rendered":"https:\/\/isfd103-bue.infd.edu.ar\/sitio\/?page_id=1444"},"modified":"2020-06-19T21:44:30","modified_gmt":"2020-06-20T00:44:30","slug":"2020-ano-del-general-manuel-belgrano","status":"publish","type":"page","link":"https:\/\/isfd103-bue.infd.edu.ar\/sitio\/2020-ano-del-general-manuel-belgrano\/","title":{"rendered":"2020 A\u00d1O DEL GENERAL MANUEL BELGRANO"},"content":{"rendered":"<p>En homenaje al pr\u00f3cer a 250 a\u00f1os de su nacimiento y a 200 a\u00f1os de su fallecimiento lxs Estudiantes de 3ro 1ra del Profesorado de Educaci\u00f3n Primaria del ISFD 103, desean compartir con Nuestra Comunidad esta actividad en homenaje al creador de la Bandera.<br \/>\nY que mejor homenaje que recordarlo en \u00e9sta frase:<br \/>\n\u00abSirvo a la Patria sin otro objeto que el de verla constituida , \u00e9se es el premio al que aspiro\u00bb<br \/>\nEsperamos disfruten este sencillo pero sentido Homenaje.<\/p>\n<p><iframe loading=\"lazy\" width=\"1200\" height=\"675\" src=\"https:\/\/www.youtube.com\/embed\/EcgkQSteO20?feature=oembed\" frameborder=\"0\" allow=\"accelerometer; autoplay; encrypted-media; gyroscope; picture-in-picture\" allowfullscreen><\/iframe><\/p>\n<p>&nbsp;<\/p>\n","protected":false},"excerpt":{"rendered":"<p>En homenaje al pr\u00f3cer a 250 a\u00f1os de su nacimiento y a 200 a\u00f1os de su fallecimiento lxs Estudiantes de 3ro 1ra del Profesorado de Educaci\u00f3n Primaria del ISFD 103, desean compartir con Nuestra Comunidad esta actividad en homenaje al creador de la Bandera. Y que mejor homenaje que recordarlo en \u00e9sta frase: \u00abSirvo a &#8230; <a title=\"2020 A\u00d1O DEL GENERAL MANUEL BELGRANO\" class=\"read-more\" href=\"https:\/\/isfd103-bue.infd.edu.ar\/sitio\/2020-ano-del-general-manuel-belgrano\/\" aria-label=\"More on 2020 A\u00d1O DEL GENERAL MANUEL BELGRANO\">[+]<\/a><\/p>\n","protected":false},"author":13,"featured_media":0,"parent":0,"menu_order":0,"comment_status":"closed","ping_status":"closed","template":"","meta":[],"acf":[],"_links":{"self":[{"href":"https:\/\/isfd103-bue.infd.edu.ar\/sitio\/wp-json\/wp\/v2\/pages\/1444"}],"collection":[{"href":"https:\/\/isfd103-bue.infd.edu.ar\/sitio\/wp-json\/wp\/v2\/pages"}],"about":[{"href":"https:\/\/isfd103-bue.infd.edu.ar\/sitio\/wp-json\/wp\/v2\/types\/page"}],"author":[{"embeddable":true,"href":"https:\/\/isfd103-bue.infd.edu.ar\/sitio\/wp-json\/wp\/v2\/users\/13"}],"replies":[{"embeddable":true,"href":"https:\/\/isfd103-bue.infd.edu.ar\/sitio\/wp-json\/wp\/v2\/comments?post=1444"}],"version-history":[{"count":5,"href":"https:\/\/isfd103-bue.infd.edu.ar\/sitio\/wp-json\/wp\/v2\/pages\/1444\/revisions"}],"predecessor-version":[{"id":1450,"href":"https:\/\/isfd103-bue.infd.edu.ar\/sitio\/wp-json\/wp\/v2\/pages\/1444\/revisions\/1450"}],"wp:attachment":[{"href":"https:\/\/isfd103-bue.infd.edu.ar\/sitio\/wp-json\/wp\/v2\/media?parent=1444"}],"curies":[{"name":"wp","href":"https:\/\/api.w.org\/{rel}","templated":true}]}}