{"id":1431,"date":"2020-05-25T13:09:13","date_gmt":"2020-05-25T16:09:13","guid":{"rendered":"https:\/\/isfd103-bue.infd.edu.ar\/sitio\/?page_id=1431"},"modified":"2020-05-25T16:11:04","modified_gmt":"2020-05-25T19:11:04","slug":"25-de-mayo","status":"publish","type":"page","link":"https:\/\/isfd103-bue.infd.edu.ar\/sitio\/25-de-mayo\/","title":{"rendered":"25 de Mayo"},"content":{"rendered":"<p>Los Profesorados de Educaci\u00f3n Inicial y de Educaci\u00f3n Primaria del ISFD N\u00b0103 nos invitan a recordar la efem\u00e9ride del 25 de mayo, d\u00eda de la Revoluci\u00f3n de mayo.<\/p>\n<p>Hoy, el pueblo argentino conmemora los 210 a\u00f1os de la Revoluci\u00f3n de Mayo, una serie de acontecimientos hist\u00f3ricos los cuales desembocaron posteriormente en la independencia no solo de Argentina del imperio espa\u00f1ol, sino de los territorios vecinos, un antes y un despu\u00e9s en la historia del territorio suramericano<\/p>\n<p>La Revoluci\u00f3n de Mayo \u201ctuvo la virtud del triunfador en aquellos momentos\u201d.<\/p>\n<p>En estos momentos de aislamiento social, hist\u00f3rico y obligatorio debemos buscar otras interesantes formas de compartir nuestros sentimientos para construir esta virtud del triunfador<\/p>\n<p>Esperamos disfruten este encuentro virtual que nos acerca y nos organiza como comunidad.<\/p>\n<p>Viva la Patria!!!<\/p>\n<p>&nbsp;<\/p>\n<p>Educaci\u00f3n Inicial<\/p>\n<p><iframe loading=\"lazy\" width=\"1200\" height=\"675\" src=\"https:\/\/www.youtube.com\/embed\/G5m6wXtI684?feature=oembed\" frameborder=\"0\" allow=\"accelerometer; autoplay; encrypted-media; gyroscope; picture-in-picture\" allowfullscreen><\/iframe><\/p>\n<p><iframe loading=\"lazy\" width=\"1200\" height=\"675\" src=\"https:\/\/www.youtube.com\/embed\/jyjs7RfVXkQ?feature=oembed\" frameborder=\"0\" allow=\"accelerometer; autoplay; encrypted-media; gyroscope; picture-in-picture\" allowfullscreen><\/iframe><\/p>\n<p><iframe loading=\"lazy\" width=\"1200\" height=\"675\" src=\"https:\/\/www.youtube.com\/embed\/BC04vjJBqO4?feature=oembed\" frameborder=\"0\" allow=\"accelerometer; autoplay; encrypted-media; gyroscope; picture-in-picture\" allowfullscreen><\/iframe><\/p>\n<p>Educaci\u00f3n Primaria<\/p>\n<p><iframe loading=\"lazy\" width=\"1200\" height=\"900\" src=\"https:\/\/www.youtube.com\/embed\/IZAz1hxsnrE?feature=oembed\" frameborder=\"0\" allow=\"accelerometer; autoplay; encrypted-media; gyroscope; picture-in-picture\" allowfullscreen><\/iframe><\/p>\n<p><iframe loading=\"lazy\" width=\"1200\" height=\"675\" src=\"https:\/\/www.youtube.com\/embed\/CbIw0T517uI?feature=oembed\" frameborder=\"0\" allow=\"accelerometer; autoplay; encrypted-media; gyroscope; picture-in-picture\" allowfullscreen><\/iframe><\/p>\n<p><iframe loading=\"lazy\" width=\"1200\" height=\"900\" src=\"https:\/\/www.youtube.com\/embed\/xwbixYEhaPM?feature=oembed\" frameborder=\"0\" allow=\"accelerometer; autoplay; encrypted-media; gyroscope; picture-in-picture\" allowfullscreen><\/iframe><\/p>\n<p><iframe loading=\"lazy\" width=\"1200\" height=\"675\" src=\"https:\/\/www.youtube.com\/embed\/NvxeCh9naC0?feature=oembed\" frameborder=\"0\" allow=\"accelerometer; autoplay; encrypted-media; gyroscope; picture-in-picture\" allowfullscreen><\/iframe><\/p>\n","protected":false},"excerpt":{"rendered":"<p>Los Profesorados de Educaci\u00f3n Inicial y de Educaci\u00f3n Primaria del ISFD N\u00b0103 nos invitan a recordar la efem\u00e9ride del 25 de mayo, d\u00eda de la Revoluci\u00f3n de mayo. Hoy, el pueblo argentino conmemora los 210 a\u00f1os de la Revoluci\u00f3n de Mayo, una serie de acontecimientos hist\u00f3ricos los cuales desembocaron posteriormente en la independencia no solo &#8230; <a title=\"25 de Mayo\" class=\"read-more\" href=\"https:\/\/isfd103-bue.infd.edu.ar\/sitio\/25-de-mayo\/\" aria-label=\"More on 25 de Mayo\">[+]<\/a><\/p>\n","protected":false},"author":13,"featured_media":0,"parent":0,"menu_order":0,"comment_status":"closed","ping_status":"closed","template":"","meta":[],"acf":[],"_links":{"self":[{"href":"https:\/\/isfd103-bue.infd.edu.ar\/sitio\/wp-json\/wp\/v2\/pages\/1431"}],"collection":[{"href":"https:\/\/isfd103-bue.infd.edu.ar\/sitio\/wp-json\/wp\/v2\/pages"}],"about":[{"href":"https:\/\/isfd103-bue.infd.edu.ar\/sitio\/wp-json\/wp\/v2\/types\/page"}],"author":[{"embeddable":true,"href":"https:\/\/isfd103-bue.infd.edu.ar\/sitio\/wp-json\/wp\/v2\/users\/13"}],"replies":[{"embeddable":true,"href":"https:\/\/isfd103-bue.infd.edu.ar\/sitio\/wp-json\/wp\/v2\/comments?post=1431"}],"version-history":[{"count":4,"href":"https:\/\/isfd103-bue.infd.edu.ar\/sitio\/wp-json\/wp\/v2\/pages\/1431\/revisions"}],"predecessor-version":[{"id":1436,"href":"https:\/\/isfd103-bue.infd.edu.ar\/sitio\/wp-json\/wp\/v2\/pages\/1431\/revisions\/1436"}],"wp:attachment":[{"href":"https:\/\/isfd103-bue.infd.edu.ar\/sitio\/wp-json\/wp\/v2\/media?parent=1431"}],"curies":[{"name":"wp","href":"https:\/\/api.w.org\/{rel}","templated":true}]}}