{"id":1425,"date":"2020-05-04T13:40:08","date_gmt":"2020-05-04T16:40:08","guid":{"rendered":"https:\/\/isfd103-bue.infd.edu.ar\/sitio\/?page_id=1425"},"modified":"2020-05-04T13:51:10","modified_gmt":"2020-05-04T16:51:10","slug":"semana-3-cierra-bloque-1-e-inicia-bloque-2","status":"publish","type":"page","link":"https:\/\/isfd103-bue.infd.edu.ar\/sitio\/semana-3-cierra-bloque-1-e-inicia-bloque-2\/","title":{"rendered":"Semana 3: Cierra Bloque 1 e Inicia Bloque 2"},"content":{"rendered":"<p>SEMANA 3: CIERRA BLOQUE 1 E INICIA BLOQUE 2.<\/p>\n<p><strong>Estimadxs Profesores:<\/strong><\/p>\n<p>Esta semana inician actividades asincr\u00f3nicas, con la entrega de c\u00f3digos de profesorxs del bloque 2<br \/>\nProfesorxs del bloque 1, cierran su secuencia con la recepci\u00f3n de trabajos de lxs estudiantes , en la medida que las condiciones de conectividad lo permitan.<\/p>\n<p>Recomendaciones:<\/p>\n<p><strong>A lxs profesorxs de bloque 1:<\/strong><\/p>\n<p>&#x1f4cc;Ampliar las posibilidades de entrega de los trabajos con fechas flexibles.<\/p>\n<p>&#x1f4cc;Aceptar los trabajos entregados fuera de esta semana.<\/p>\n<p>&#x1f4cc;Formatos: no solicitar entregas en Word, si lxs estudiantes s\u00f3lo cuentan con el celular como \u00fanico dispositivo. Pueden entregar realizando la tarea a mano y compartiendo un foro.<\/p>\n<p>&#x1f4cc;Recuerden que est\u00e1 en vigencia el proyecto \u201cpuente digital\u201d es decir , pueden recibir trabajos de estudiantes que no est\u00e1n presentes en su plataforma y entrega a trav\u00e9s de un\/a compa\u00f1erx que oficia de puente entre ustedes y ellxs.<\/p>\n<p>&#x1f4cc;Hay seguimiento y devoluci\u00f3n de las tareas sin calificaci\u00f3n.<\/p>\n<p><strong>A lxs profesores de bloque 2<\/strong><\/p>\n<p>&#x1f4cc; La clase deber\u00eda generar una condici\u00f3n de aprendizaje aut\u00f3nomo. Por lo tanto se esperan estrategias m\u00e1s adecuada para este momento que \u201csubir\u201d fotocopias de libros y lista de consignas.<\/p>\n<p>&#x1f4cc;Trabajar de manera asociada, implica el acuerdo previo de lxs docentes agrupados. Se espera superar la propuesta de actividades fragmentadas por profesxr, dentro de la clase entregada.<\/p>\n<p>&#x1f4cc;A la vez se espera un trabajo previo de b\u00fasqueda de un tema, recorte de la realidad, situaci\u00f3n problematizadora, que permita abordar los contenidos irrenunciables seleccionados a principios de ciclo lectivo.<\/p>\n<p>&#x1f4cc;Releer los documentos de Continuidad pedag\u00f3gica parte II y parte III, en las que se compartieron algunas pautas de elaboraci\u00f3n y posicionamiento del docente en la virtualidad.<\/p>\n<p>&#x1f4cc;En uno de ellos se propone utilizar recursos tales como:<\/p>\n<p style=\"padding-left: 30px;\">Power point con explicaci\u00f3n sonora (zoom, Atube Catcher, Mobizen)<br \/>\nDocumentos en Formatos PDF restringiendo la cantidad de p\u00e1ginas (como m\u00e1ximo 10 p\u00e1ginas por clase).<br \/>\nFilmaci\u00f3n de los propios profesorxs (con demostraci\u00f3n de actividades pr\u00e1cticas, resoluci\u00f3n de ejercicios, canciones o movimientos seg\u00fan la c\u00e1tedra)<br \/>\nForos (sumamente importante)<br \/>\nRestringir los enlaces de videos largos (el profesor tiene que bajarlo, editarlo y subir al drive. Compartir videos que no excedan los 5 minutos.<\/p>\n<p>\u00a1Deseamos un buen comienzo de esta tercera semana!<\/p>\n<p>*EQUIPO DE CONDUCCI\u00d3N*<\/p>\n","protected":false},"excerpt":{"rendered":"<p>SEMANA 3: CIERRA BLOQUE 1 E INICIA BLOQUE 2. Estimadxs Profesores: Esta semana inician actividades asincr\u00f3nicas, con la entrega de c\u00f3digos de profesorxs del bloque 2 Profesorxs del bloque 1, cierran su secuencia con la recepci\u00f3n de trabajos de lxs estudiantes , en la medida que las condiciones de conectividad lo permitan. Recomendaciones: A lxs &#8230; <a title=\"Semana 3: Cierra Bloque 1 e Inicia Bloque 2\" class=\"read-more\" href=\"https:\/\/isfd103-bue.infd.edu.ar\/sitio\/semana-3-cierra-bloque-1-e-inicia-bloque-2\/\" aria-label=\"More on Semana 3: Cierra Bloque 1 e Inicia Bloque 2\">[+]<\/a><\/p>\n","protected":false},"author":19,"featured_media":0,"parent":0,"menu_order":0,"comment_status":"closed","ping_status":"closed","template":"","meta":[],"acf":[],"_links":{"self":[{"href":"https:\/\/isfd103-bue.infd.edu.ar\/sitio\/wp-json\/wp\/v2\/pages\/1425"}],"collection":[{"href":"https:\/\/isfd103-bue.infd.edu.ar\/sitio\/wp-json\/wp\/v2\/pages"}],"about":[{"href":"https:\/\/isfd103-bue.infd.edu.ar\/sitio\/wp-json\/wp\/v2\/types\/page"}],"author":[{"embeddable":true,"href":"https:\/\/isfd103-bue.infd.edu.ar\/sitio\/wp-json\/wp\/v2\/users\/19"}],"replies":[{"embeddable":true,"href":"https:\/\/isfd103-bue.infd.edu.ar\/sitio\/wp-json\/wp\/v2\/comments?post=1425"}],"version-history":[{"count":3,"href":"https:\/\/isfd103-bue.infd.edu.ar\/sitio\/wp-json\/wp\/v2\/pages\/1425\/revisions"}],"predecessor-version":[{"id":1429,"href":"https:\/\/isfd103-bue.infd.edu.ar\/sitio\/wp-json\/wp\/v2\/pages\/1425\/revisions\/1429"}],"wp:attachment":[{"href":"https:\/\/isfd103-bue.infd.edu.ar\/sitio\/wp-json\/wp\/v2\/media?parent=1425"}],"curies":[{"name":"wp","href":"https:\/\/api.w.org\/{rel}","templated":true}]}}