{"id":1220,"date":"2020-03-03T14:22:49","date_gmt":"2020-03-03T17:22:49","guid":{"rendered":"https:\/\/isfd103-bue.infd.edu.ar\/sitio\/?page_id=1220"},"modified":"2022-11-17T15:50:54","modified_gmt":"2022-11-17T18:50:54","slug":"apto-psicofisico","status":"publish","type":"page","link":"https:\/\/isfd103-bue.infd.edu.ar\/sitio\/apto-psicofisico\/","title":{"rendered":"Apto psicof\u00edsico"},"content":{"rendered":"<p>Los alumnos ingresantes deber\u00e1n completar la siguiente planilla y entreg\u00e1rsela a sus preceptores antes del comienzo de clases del ciclo lectivo 2023. La misma debe estar firmada por los dos profesionales<\/p>\n<p>\u00a0<\/p>\n\n\n<div class=\"wp-block-file\"><a href=\"https:\/\/isfd103-bue.infd.edu.ar\/sitio\/wp-content\/uploads\/2022\/11\/PLANILLAS-PSICO-FISICO-2023.pdf\">PLANILLAS-PSICO-FISICO-2023<\/a><a href=\"https:\/\/isfd103-bue.infd.edu.ar\/sitio\/wp-content\/uploads\/2022\/11\/PLANILLAS-PSICO-FISICO-2023.pdf\" class=\"wp-block-file__button\" download>Descarga<\/a><\/div>\n","protected":false},"excerpt":{"rendered":"<p>Los alumnos ingresantes deber\u00e1n completar la siguiente planilla y entreg\u00e1rsela a sus preceptores antes del comienzo de clases del ciclo lectivo 2023. La misma debe estar firmada por los dos profesionales \u00a0<\/p>\n","protected":false},"author":13,"featured_media":0,"parent":0,"menu_order":0,"comment_status":"closed","ping_status":"closed","template":"","meta":[],"acf":[],"_links":{"self":[{"href":"https:\/\/isfd103-bue.infd.edu.ar\/sitio\/wp-json\/wp\/v2\/pages\/1220"}],"collection":[{"href":"https:\/\/isfd103-bue.infd.edu.ar\/sitio\/wp-json\/wp\/v2\/pages"}],"about":[{"href":"https:\/\/isfd103-bue.infd.edu.ar\/sitio\/wp-json\/wp\/v2\/types\/page"}],"author":[{"embeddable":true,"href":"https:\/\/isfd103-bue.infd.edu.ar\/sitio\/wp-json\/wp\/v2\/users\/13"}],"replies":[{"embeddable":true,"href":"https:\/\/isfd103-bue.infd.edu.ar\/sitio\/wp-json\/wp\/v2\/comments?post=1220"}],"version-history":[{"count":4,"href":"https:\/\/isfd103-bue.infd.edu.ar\/sitio\/wp-json\/wp\/v2\/pages\/1220\/revisions"}],"predecessor-version":[{"id":4461,"href":"https:\/\/isfd103-bue.infd.edu.ar\/sitio\/wp-json\/wp\/v2\/pages\/1220\/revisions\/4461"}],"wp:attachment":[{"href":"https:\/\/isfd103-bue.infd.edu.ar\/sitio\/wp-json\/wp\/v2\/media?parent=1220"}],"curies":[{"name":"wp","href":"https:\/\/api.w.org\/{rel}","templated":true}]}}