{"id":1179,"date":"2020-02-16T15:35:22","date_gmt":"2020-02-16T18:35:22","guid":{"rendered":"https:\/\/isfd103-bue.infd.edu.ar\/sitio\/?page_id=1179"},"modified":"2021-04-16T15:32:23","modified_gmt":"2021-04-16T18:32:23","slug":"docentes-ayudantes-de-catedra","status":"publish","type":"page","link":"https:\/\/isfd103-bue.infd.edu.ar\/sitio\/docentes\/docentes-ayudantes-de-catedra\/","title":{"rendered":"Ayudantes de c\u00e1tedra"},"content":{"rendered":"<p>La <a href=\"https:\/\/isfd103-bue.infd.edu.ar\/sitio\/wp-content\/uploads\/2020\/02\/resolucion_nro3121ayudantedecatedra.pdf\">resolucion_nro3121ayudantedecatedra<\/a> es la que rige los lineamientos y criterios para la incorporaci\u00f3n de ayudantes de c\u00e1tedra graduados o alumnos<\/p>\n<p>Cada docente que desee contar con un ayudante de c\u00e1tedra deber\u00e1 expresarlo en su Proyecto Curricular anual<\/p>\n<p>&nbsp;<\/p>\n<p class=\"ecxecxmsonormal\"><strong>a) Responsabilidades del Equipo Directivo (vicedirector)<br \/>\n<\/strong><\/p>\n<p class=\"ecxecxmsonormal\">CORRESPONDE:<\/p>\n<p class=\"ecxecxmsonormal\">Difundir la reglamentaci\u00f3n 3121 y anexo institucional.<\/p>\n<p class=\"ecxecxmsonormal\">Establecer el cronograma de llamado de ayudant\u00edas.<\/p>\n<p class=\"ecxecxmsonormal\">Evaluar la posibilidad de pr\u00f3rrogas en los plazos de ser necesarios.<\/p>\n<p class=\"ecxecxmsonormal\">Convocar a los integrantes de los jurados evaluadores, constituidos por el profesor de la c\u00e1tedra solicitante, el Jefe de \u00c1rea o cargo similar de la carrera y, de ser posible,\u00a0 un alumno de cuarto a\u00f1o de la carrera en cuesti\u00f3n.<\/p>\n<p class=\"ecxecxmsonormal\">Publicar los listados de ayudantes seleccionados<\/p>\n<p class=\"ecxecxmsonormal\">Llevar <strong>un <\/strong><strong>registro institucional <\/strong>de las ayudant\u00edas del instituto.<\/p>\n<p class=\"ecxecxmsonormal\">Informar al CAI de cualquier situaci\u00f3n an\u00f3mala o dificultosa para que tome la correspondiente intervenci\u00f3n.<\/p>\n<p class=\"ecxecxmsonormal\">Realizar los certificados y constancias para ayudantes y docentes.<\/p>\n<p class=\"ecxecxmsonormal\"><strong>b) Responsabilidades de los Jefes de \u00c1rea o cargo similar.<\/strong><\/p>\n<p class=\"ecxecxmsonormal\">CORRESPONDE<\/p>\n<p class=\"ecxecxmsonormal\">Informar a la Direcci\u00f3n sobre la apertura de concursos de ayudant\u00eda en la carrera.<\/p>\n<p class=\"ecxecxmsonormal\">Lectura <strong>y evaluaci\u00f3n<\/strong> de los proyectos de c\u00e1tedra del Docente\u00a0 solicitante conforme a reglamentaci\u00f3n vigente.<\/p>\n<p class=\"ecxecxmsonormal\">Llevar la documentaci\u00f3n de todos los concursos. Conservar esta documentaci\u00f3n por 3 a\u00f1os.<\/p>\n<p class=\"ecxecxmsonormal\">Hacer el seguimiento de la renovaci\u00f3n de las ayudant\u00edas y del desarrollo de las mismas. Elevar un informe a la direcci\u00f3n a fines del a\u00f1o lectivo. Llevar archivo de todas las ayudant\u00edas de su carrera.<\/p>\n<p class=\"ecxecxmsonormal\">Entregar a la direcci\u00f3n el listado de ayudantes aprobados para su publicaci\u00f3n.<\/p>\n<p class=\"ecxecxmsonormal\">Llevar archivo de todos los trabajos de investigaci\u00f3n realizados en el seno de las ayudant\u00edas.<\/p>\n<p class=\"ecxecxmsonormal\">Dar difusi\u00f3n al resto de la comunidad acad\u00e9mica de aquellos trabajos de investigaci\u00f3n destacados.<\/p>\n<p class=\"ecxecxmsonormal\">Comunicar\u00a0a la direcci\u00f3n cualquier situaci\u00f3n an\u00f3mala para su correspondiente intervenci\u00f3n.<\/p>\n<p class=\"ecxecxmsonormal\">Controlar que no se produzcan presentaciones a concurso de alumnos que no est\u00e9n habilitados a tal fin.<\/p>\n<p class=\"ecxecxmsonormal\"><strong>c) Responsabilidades del CAI<\/strong><\/p>\n<p class=\"ecxecxmsonormal\">CORRESPONDE:<\/p>\n<p class=\"ecxecxmsonormal\">Notificarse del seguimiento de los proyectos de ayudant\u00eda.<\/p>\n<p class=\"ecxecxmsonormal\">Intervenir ante situaciones no previstas por la Resoluci\u00f3n 3121\/04.<\/p>\n<p class=\"ecxecxmsonormal\">Analizar y tomar decisiones en casos de irregularidades severas.<\/p>\n<p class=\"ecxecxmsonormal\">Aprobar ante casos extremos funciones especiales para los ayudantes- graduados.<\/p>\n<p class=\"ecxecxmsonormal\"><strong>\u00a0d) Responsabilidades del Jurado<\/strong><\/p>\n<p class=\"ecxecxmsonormal\">\u00a0CORRESPONDE:<\/p>\n<p>Garantizar la evaluaci\u00f3n de todas las solicitudes presentados por los candidatos \u2013 Ayudantes. En la solicitud el aspirante-\u00a0 Ayudante.<\/p>\n<p class=\"ecxecxmsonormal\">Controlar la documentaci\u00f3n pertinente<\/p>\n<p class=\"ecxecxmsonormal\">Documentar su actuaci\u00f3n en cada concurso.<\/p>\n<p class=\"ecxecxmsonormal\">Emitir un dictamen y establecer un orden de m\u00e9rito, si corresponde.<\/p>\n<p class=\"ecxecxmsonormal\"><strong>e) Responsabilidades del Docente:<\/strong><\/p>\n<p class=\"ecxecxmsonormal\">CORRESPONDE<\/p>\n<p class=\"ecxecxmsonormal\">El docente a cargo de la Unidad Curricular debe elevar al Jefe\/a de \u00c1rea o cargo similar<strong> respectivo<\/strong> su solicitud de incluir ayudantes.<\/p>\n<p class=\"ecxecxmsonormal\">Deber\u00e1 acompa\u00f1ar la solicitud, el proyecto de c\u00e1tedra que delimitar\u00e1 las funciones del futuro ayudante. En ning\u00fan caso el ayudante podr\u00e1 evaluar ni dar clase en ausencia del Docente a cargo de la C\u00e1tedra, salvo expresa autorizaci\u00f3n del CAI, ni contradecir la Resoluci\u00f3n N\u00ba 3121\/04.<\/p>\n<p class=\"ecxecxmsonormal\">El docente integrar\u00e1 el tribunal evaluador, conjuntamente con el Jefe de \u00c1rea o cargo similar y, de ser posible,\u00a0 un alumno de cuarto a\u00f1o de la carrera en cuesti\u00f3n.<\/p>\n<p class=\"ecxecxmsonormal\">Los profesores que tengan ayudantes deber\u00e1n reunir las siguientes condiciones:<\/p>\n<ol>\n<li>Poseer una antig\u00fcedad en la Rama Superior no menor a 5 a\u00f1os y en la asignatura no inferior a 3 a\u00f1os. En aquellos casos que\u00a0 as\u00ed\u00a0 lo americe, el Jefe de \u00c1rea podr\u00e1 solicitar al CAI la\u00a0 v\u00eda de excepci\u00f3n.<\/li>\n<li>Supervisar el trabajo del ayudante y elaborar un informe anual del mismo que quede registrado.<\/li>\n<\/ol>\n<p class=\"ecxecxmsonormal\">Al momento de solicitar ayudantes debe especificar en su proyecto si acepta ayudantes \u2013 graduados o ayudantes \u2013 alumnos.<\/p>\n<p class=\"ecxecxmsonormal\">El docente deber\u00e1 elevar informes de progreso, evaluaci\u00f3n y finalizaci\u00f3n de cada ayudant\u00eda a los Jefes de \u00c1rea o cargo similar.<\/p>\n<p class=\"ecxecxmsonormal\">Reiterar el pedido de ayudantes cada a\u00f1o si as\u00ed lo quisiera.<\/p>\n<p class=\"ecxecxmsonormal\">El docente recibir\u00e1 un certificado por formar ayudantes.<\/p>\n<p class=\"ecxecxmsonormal\"><strong>f) Responsabilidades del aspirante a la ayudant\u00eda<\/strong><\/p>\n<p class=\"ecxecxmsonormal\">CORRESPONDE<\/p>\n<p class=\"ecxecxmsonormal\">Presentar una solicitud en la que fundamente su inter\u00e9s en participar como tal en la c\u00e1tedra elegida,\u00a0 planteando sus objetivos personales y los aportes que considera son de inter\u00e9s para contribuir con el docente a cargo de la misma.<\/p>\n<p>Presentar un proyecto sobre su desempe\u00f1o en dicha c\u00e1tedra<\/p>\n<p>Completar la siguiente ficha de inscripci\u00f3n <a href=\"https:\/\/isfd103-bue.infd.edu.ar\/sitio\/wp-content\/uploads\/2020\/02\/Solicitud-de-ayudant\u00eda-de-c\u00e1tedra-1.pdf\">Solicitud de ayudant\u00eda de c\u00e1tedra-1<\/a> y elevarla al directivo, con toda la documentaci\u00f3n respaldatororia, dentro de un folio oficio<\/p>\n<p class=\"ecxecxmsonormal\">\u00a0Respetar las condiciones establecidas en la Resoluci\u00f3n 3121\/04.<\/p>\n<p class=\"ecxecxmsonormal\">\u00a0El per\u00edodo de la adscripci\u00f3n ser\u00e1:<\/p>\n<ul>\n<li><strong>Para el ayudante \u2013 alumno<\/strong>:<\/li>\n<\/ul>\n<p class=\"ecxecxmsonormal\">Un (1) a\u00f1o. Si el ayudante no terminara su carrera en el per\u00edodo de un a\u00f1o, deber\u00e1 volver a realizar el tr\u00e1mite de inscripci\u00f3n<\/p>\n<p class=\"ecxecxmsonormal\">Aprobada la materia con\u00a0 (7) siete\u00a0 puntos y un promedio parcial general de (7) siete puntos.<\/p>\n<p class=\"ecxecxmsonormal\">Los ayudante \u2013 alumnos desempe\u00f1arse en caulquier unidad curricular que haya sido propuesta por el docente de la misma.<\/p>\n<ul>\n<li><strong>Para el ayudante \u2013 graduado:<\/strong><\/li>\n<\/ul>\n<p class=\"ecxecxmsonormal\">La extensi\u00f3n de la ayudant\u00eda ser\u00e1 de un m\u00ednimo de un (1) a\u00f1o y un m\u00e1ximo de dos (2) a\u00f1os, independientemente del tiempo que haya ejercido como ayudante alumno, si esa fuera la situaci\u00f3n.<\/p>\n<p class=\"ecxecxmsonormal\">Terminada su ayudant\u00eda, el ayudante no podr\u00e1 volver a desempe\u00f1arse como ayudante en la misma unidad curricular.<\/p>\n<p class=\"ecxecxmsonormal\">El aspirante debe poseer calificaci\u00f3n 7 (siete) puntos de promedio en la carrera y tener un promedio de (7) siete puntos como m\u00ednimo en la materia concursada.<\/p>\n<p class=\"ecxecxmsonormal\">Sus funciones en ning\u00fan caso podr\u00e1n excederse de lo establecido en la resoluci\u00f3n 3121\/04. Salvo situaci\u00f3n de fuerza mayor y previa autorizaci\u00f3n del CAI.<\/p>\n<p class=\"ecxecxmsonormal\">El ayudante recibir\u00e1 un certificado por su desempe\u00f1o.<\/p>\n<p class=\"ecxecxmsonormal\">\n","protected":false},"excerpt":{"rendered":"<p>La resolucion_nro3121ayudantedecatedra es la que rige los lineamientos y criterios para la incorporaci\u00f3n de ayudantes de c\u00e1tedra graduados o alumnos Cada docente que desee contar con un ayudante de c\u00e1tedra deber\u00e1 expresarlo en su Proyecto Curricular anual &nbsp; a) Responsabilidades del Equipo Directivo (vicedirector) CORRESPONDE: Difundir la reglamentaci\u00f3n 3121 y anexo institucional. Establecer el cronograma &#8230; <a title=\"Ayudantes de c\u00e1tedra\" class=\"read-more\" href=\"https:\/\/isfd103-bue.infd.edu.ar\/sitio\/docentes\/docentes-ayudantes-de-catedra\/\" aria-label=\"More on Ayudantes de c\u00e1tedra\">[+]<\/a><\/p>\n","protected":false},"author":13,"featured_media":0,"parent":1169,"menu_order":0,"comment_status":"closed","ping_status":"closed","template":"","meta":[],"acf":[],"_links":{"self":[{"href":"https:\/\/isfd103-bue.infd.edu.ar\/sitio\/wp-json\/wp\/v2\/pages\/1179"}],"collection":[{"href":"https:\/\/isfd103-bue.infd.edu.ar\/sitio\/wp-json\/wp\/v2\/pages"}],"about":[{"href":"https:\/\/isfd103-bue.infd.edu.ar\/sitio\/wp-json\/wp\/v2\/types\/page"}],"author":[{"embeddable":true,"href":"https:\/\/isfd103-bue.infd.edu.ar\/sitio\/wp-json\/wp\/v2\/users\/13"}],"replies":[{"embeddable":true,"href":"https:\/\/isfd103-bue.infd.edu.ar\/sitio\/wp-json\/wp\/v2\/comments?post=1179"}],"version-history":[{"count":7,"href":"https:\/\/isfd103-bue.infd.edu.ar\/sitio\/wp-json\/wp\/v2\/pages\/1179\/revisions"}],"predecessor-version":[{"id":3637,"href":"https:\/\/isfd103-bue.infd.edu.ar\/sitio\/wp-json\/wp\/v2\/pages\/1179\/revisions\/3637"}],"up":[{"embeddable":true,"href":"https:\/\/isfd103-bue.infd.edu.ar\/sitio\/wp-json\/wp\/v2\/pages\/1169"}],"wp:attachment":[{"href":"https:\/\/isfd103-bue.infd.edu.ar\/sitio\/wp-json\/wp\/v2\/media?parent=1179"}],"curies":[{"name":"wp","href":"https:\/\/api.w.org\/{rel}","templated":true}]}}